{"id":2,"date":"2024-12-09T20:09:42","date_gmt":"2024-12-09T23:09:42","guid":{"rendered":"https:\/\/contas.cnt.br\/licitar\/?page_id=2"},"modified":"2025-06-16T21:07:28","modified_gmt":"2025-06-17T00:07:28","slug":"pagina-exemplo","status":"publish","type":"page","link":"https:\/\/contas.cnt.br\/licitacoes\/","title":{"rendered":"Lei 14.133\/2021"},"content":{"rendered":"\n<p class=\"has-text-align-left has-tertiary-background-color has-background\" style=\"padding-top:0;padding-bottom:0\"><strong><em>Licita\u00e7\u00f5es e Contratos Administrativos<\/em><\/strong><\/p>\n\n\n\n<h5 class=\"wp-block-heading\"><strong>T\u00edtulo I &#8211; Disposi\u00e7\u00f5es Preliminares<\/strong><\/h5>\n\n\n\n<details class=\"wp-block-details is-layout-flow wp-block-details-is-layout-flow\"><summary>Cap\u00edtulos do T\u00edtulo I (Art. 1\u00ba ao art. 10)<\/summary>\n<p><a href=\"https:\/\/contas.cnt.br\/licitacoes\/titulo-i-disposicoes-preliminares\/\" data-type=\"post\" data-id=\"14\">Cap\u00edtulo I &#8211; Do \u00e2mbito de Aplica\u00e7\u00e3o desta Lei<\/a><\/p>\n\n\n\n<p><a href=\"https:\/\/contas.cnt.br\/licitacoes\/capitulo-ii-dos-principios\/\" data-type=\"post\" data-id=\"47\">Cap\u00edtulo II &#8211; Dos Princ\u00edpios<\/a><\/p>\n\n\n\n<p><a href=\"https:\/\/contas.cnt.br\/licitacoes\/capitulo-iii-das-definicoes\/\" data-type=\"post\" data-id=\"54\">Cap\u00edtulo III &#8211; Das Defini\u00e7\u00f5es<\/a><\/p>\n\n\n\n<p><a href=\"https:\/\/contas.cnt.br\/licitacoes\/capitulo-iv-dos-agentes-publicos\/\" data-type=\"post\" data-id=\"60\">Cap\u00edtulo IV &#8211; Dos Agentes P\u00fablicos<\/a><\/p>\n<\/details>\n\n\n\n<h5 class=\"wp-block-heading\"><strong>T\u00edtulo II &#8211; Das Licita\u00e7\u00f5es<\/strong><\/h5>\n\n\n\n<details class=\"wp-block-details is-layout-flow wp-block-details-is-layout-flow\"><summary>Cap\u00edtulos do T\u00edtulo II (Art. 11 ao art. 88)<\/summary>\n<p><a href=\"https:\/\/contas.cnt.br\/licitacoes\/titulo-ii-das-licitacos\/\" data-type=\"post\" data-id=\"243\">Cap\u00edtulo I &#8211; Do Processo Licitat\u00f3rio<\/a> (Art. 11 ao art. 17)<\/p>\n\n\n\n<p>Cap\u00edtulo II &#8211; Da Fase Preparat\u00f3ria<\/p>\n\n\n\n<p>&#8211; Se\u00e7\u00e3o I &#8211; Da Instru\u00e7\u00e3o do Processo Licitat\u00f3rio<\/p>\n\n\n\n<p>&#8211; Se\u00e7\u00e3o II &#8211; Das Modalidades de Licita\u00e7\u00e3o<\/p>\n\n\n\n<p>&#8211; Se\u00e7\u00e3o III &#8211; Dos Crit\u00e9rios de Julgamento<\/p>\n\n\n\n<p>&#8211; Se\u00e7\u00e3o IV &#8211; Disposi\u00e7\u00f5es Setoriais<\/p>\n\n\n\n<p>&#8211; &#8211; Subse\u00e7\u00e3o I &#8211; Das Compras<\/p>\n\n\n\n<p>&#8211; &#8211; Subse\u00e7\u00e3o II &#8211; Das Obras e Servi\u00e7os de Engenharia<\/p>\n\n\n\n<p>&#8211; &#8211;&nbsp;Subse\u00e7\u00e3o III &#8211; Dos Servi\u00e7os em Geral<\/p>\n\n\n\n<p>&#8211; &#8211; Subse\u00e7\u00e3o IV &#8211; Da Loca\u00e7\u00e3o de Im\u00f3veis<\/p>\n\n\n\n<p>&#8211; &#8211; Subse\u00e7\u00e3o V &#8211; Das Licita\u00e7\u00f5es Internacionais<\/p>\n\n\n\n<p>Cap\u00edtulo III &#8211; Da Divulga\u00e7\u00e3o do Edital de Licita\u00e7\u00e3o<\/p>\n\n\n\n<p>Cap\u00edtulo IV &#8211; Da Apresenta\u00e7\u00e3o de Propostas e Lances<\/p>\n\n\n\n<p>Cap\u00edtulo V &#8211; Do Julgamento<\/p>\n\n\n\n<p>Cap\u00edtulo VI &#8211; Da Habilita\u00e7\u00e3o<\/p>\n\n\n\n<p>Cap\u00edtulo VII &#8211; Do Encerramento da Licita\u00e7\u00e3o<\/p>\n\n\n\n<p>Cap\u00edtulo VIII &#8211; Da Contrata\u00e7\u00e3o Direta<\/p>\n\n\n\n<p>&#8211; Se\u00e7\u00e3o I &#8211; Do Processo de Contrata\u00e7\u00e3o Direta<\/p>\n\n\n\n<p>&#8211; Se\u00e7\u00e3o II &#8211; Da Inexigibilidade<\/p>\n\n\n\n<p>&#8211; Se\u00e7\u00e3o III &#8211; Da Dispensa de Licita\u00e7\u00e3o<\/p>\n\n\n\n<p>Cap\u00edtulo IX &#8211; Das Aliena\u00e7\u00f5es<\/p>\n\n\n\n<p>Cap\u00edtulo X &#8211; Dos Instrumentos Auxiliares<\/p>\n\n\n\n<p>&#8211; Se\u00e7\u00e3o I &#8211; Dos Procedimentos Auxiliares<\/p>\n\n\n\n<p>&#8211; Se\u00e7\u00e3o II &#8211; Do Credenciamento<\/p>\n\n\n\n<p>&#8211; Se\u00e7\u00e3o III &#8211; Da Pr\u00e9-Qualifica\u00e7\u00e3o<\/p>\n\n\n\n<p>&#8211; Se\u00e7\u00e3o IV &#8211; Do Procedimento de Manifesta\u00e7\u00e3o de Interesse<\/p>\n\n\n\n<p>&#8211; Se\u00e7\u00e3o V &#8211; Do Sistema de Registro de Pre\u00e7os<\/p>\n\n\n\n<p>&#8211; Se\u00e7\u00e3o VI &#8211; Do Registro Cadastral<\/p>\n<\/details>\n\n\n\n<h5 class=\"wp-block-heading\"><strong>T\u00edtulo III &#8211; Dos Contratos Administrativos<\/strong><\/h5>\n\n\n\n<details class=\"wp-block-details is-layout-flow wp-block-details-is-layout-flow\"><summary>Cap\u00edtulos do T\u00edtulo III (Art. 89 ao art. 154)<\/summary>\n<p><a href=\"https:\/\/contas.cnt.br\/licitacoes\/titulo-iii-dos-contratos-administrativos\/\" data-type=\"post\" data-id=\"68\">Cap\u00edtulo I &#8211; Da Formaliza\u00e7\u00e3o dos Contratos<\/a><\/p>\n\n\n\n<p><a href=\"https:\/\/contas.cnt.br\/licitacoes\/capitulo-ii-das-garantias\/\" data-type=\"post\" data-id=\"73\">Cap\u00edtulo II &#8211; Das Garantias<\/a><\/p>\n\n\n\n<p><a href=\"https:\/\/contas.cnt.br\/licitacoes\/capitulo-iii-da-alocacao-de-riscos\/\" data-type=\"post\" data-id=\"78\">Cap\u00edtulo III &#8211; Da Aloca\u00e7\u00e3o de Riscos<\/a><\/p>\n\n\n\n<p><a href=\"https:\/\/contas.cnt.br\/licitacoes\/capitulo-iv-das-prerrogativas-da-administracao\/\" data-type=\"post\" data-id=\"83\">Cap\u00edtulo IV &#8211; Das Prerrogativas da Administra\u00e7\u00e3o<\/a><\/p>\n\n\n\n<p><a href=\"https:\/\/contas.cnt.br\/licitacoes\/capitulo-v-da-duracao-dos-contratos\/\" data-type=\"post\" data-id=\"86\">Cap\u00edtulo V &#8211; Da Dura\u00e7\u00e3o dos Contratos<\/a><\/p>\n\n\n\n<p><a href=\"https:\/\/contas.cnt.br\/licitacoes\/capitulo-vi-da-execucao-dos-contratos\/\" data-type=\"post\" data-id=\"89\">Cap\u00edtulo VI &#8211; Da Execu\u00e7\u00e3o dos Contratos<\/a><\/p>\n\n\n\n<p><a href=\"https:\/\/contas.cnt.br\/licitacoes\/capitulo-vii-da-alteracao-dos-contratos-e-dos-precos\/\" data-type=\"post\" data-id=\"93\">Cap\u00edtulo VII &#8211; Da Altera\u00e7\u00e3o dos Contratos e dos Pre\u00e7os<\/a><\/p>\n\n\n\n<p><a href=\"https:\/\/contas.cnt.br\/licitacoes\/capitulo-viii-das-hipoteses-de-extincao-dos-contratos\/\" data-type=\"post\" data-id=\"96\">Cap\u00edtulo VIII &#8211; Das Hip\u00f3teses de Extin\u00e7\u00e3o dos Contratos<\/a><\/p>\n\n\n\n<p><a href=\"https:\/\/contas.cnt.br\/licitacoes\/capitulo-ix-do-recebimento-do-objeto-do-contrato\/\" data-type=\"post\" data-id=\"99\">Cap\u00edtulo IX &#8211; Do Recebimento do Objeto do Contrato<\/a><\/p>\n\n\n\n<p><a href=\"https:\/\/contas.cnt.br\/licitacoes\/capitulo-x-dos-pagamentos\/\" data-type=\"post\" data-id=\"102\">Cap\u00edtulo X &#8211; Dos Pagamentos<\/a><\/p>\n\n\n\n<p><a href=\"https:\/\/contas.cnt.br\/licitacoes\/capitulo-xi-da-nulidade-dos-contratos\/\" data-type=\"post\" data-id=\"105\">Cap\u00edtulo XI &#8211; Da Nulidade dos Contratos<\/a><\/p>\n\n\n\n<p><a href=\"https:\/\/contas.cnt.br\/licitacoes\/capitulo-xii-dos-meios-alternativos-de-resolucao-de-controversias\/\" data-type=\"post\" data-id=\"108\">Cap\u00edtulo XII &#8211; Dos Meios Alternativos de Resolu\u00e7\u00e3o de Controv\u00e9rsias<\/a><\/p>\n<\/details>\n\n\n\n<h5 class=\"wp-block-heading\"><strong>T\u00edtulo IV &#8211; Das Irregularidades<\/strong><\/h5>\n\n\n\n<details class=\"wp-block-details is-layout-flow wp-block-details-is-layout-flow\"><summary>Cap\u00edtulos do T\u00edtulo IV (Art. 155 ao art. 173)<\/summary>\n<p><a href=\"https:\/\/contas.cnt.br\/licitacoes\/titulo-iv-das-irregularidades\/\" data-type=\"post\" data-id=\"162\">Cap\u00edtulo I &#8211; Das Infra\u00e7\u00f5es e San\u00e7\u00f5es Administrativas<\/a><\/p>\n\n\n\n<p><a href=\"https:\/\/contas.cnt.br\/licitacoes\/capitulo-ii-das-impugnacoes\/\" data-type=\"post\" data-id=\"168\">Cap\u00edtulo II &#8211; Das Impugna\u00e7\u00f5es, Dos Pedidos de Esclarecimento e Dos Recursos<\/a><\/p>\n\n\n\n<p><a href=\"https:\/\/contas.cnt.br\/licitacoes\/capitulo-iii-do-controle-das-contratacoes\/\" data-type=\"post\" data-id=\"171\">Cap\u00edtulo III &#8211; Do Controle das Contrata\u00e7\u00f5es<\/a><\/p>\n<\/details>\n\n\n\n<h5 class=\"wp-block-heading\"><strong>T\u00edtulo V &#8211; Disposi\u00e7\u00f5es Gerais<\/strong><\/h5>\n\n\n\n<details class=\"wp-block-details is-layout-flow wp-block-details-is-layout-flow\"><summary>Cap\u00edtulos do T\u00edtulo V (Art. 174 ao art. 194) <\/summary>\n<p>Cap\u00edtulo I &#8211; Do Portal Nacional de Contrata\u00e7\u00f5es P\u00fablicas (PNCP)<\/p>\n\n\n\n<p>Cap\u00edtulo II &#8211; Das Altera\u00e7\u00f5es Legislativas<\/p>\n\n\n\n<p>Cap\u00edtulo II-B &#8211; Dos Crimes em Licita\u00e7\u00f5es e Contratos Administrativos<\/p>\n\n\n\n<p>Cap\u00edtulo III &#8211; Disposi\u00e7\u00f5es Transit\u00f3rias e Finais<\/p>\n<\/details>\n","protected":false},"excerpt":{"rendered":"<p>Licita\u00e7\u00f5es e Contratos Administrativos T\u00edtulo I &#8211; Disposi\u00e7\u00f5es Preliminares T\u00edtulo II &#8211; Das Licita\u00e7\u00f5es T\u00edtulo III &#8211; Dos Contratos Administrativos T\u00edtulo IV &#8211; Das Irregularidades T\u00edtulo V &#8211; Disposi\u00e7\u00f5es Gerais<\/p>\n","protected":false},"author":1,"featured_media":0,"parent":0,"menu_order":0,"comment_status":"closed","ping_status":"open","template":"","meta":{"footnotes":""},"class_list":["post-2","page","type-page","status-publish","hentry"],"jetpack_sharing_enabled":true,"_links":{"self":[{"href":"https:\/\/contas.cnt.br\/licitacoes\/wp-json\/wp\/v2\/pages\/2","targetHints":{"allow":["GET"]}}],"collection":[{"href":"https:\/\/contas.cnt.br\/licitacoes\/wp-json\/wp\/v2\/pages"}],"about":[{"href":"https:\/\/contas.cnt.br\/licitacoes\/wp-json\/wp\/v2\/types\/page"}],"author":[{"embeddable":true,"href":"https:\/\/contas.cnt.br\/licitacoes\/wp-json\/wp\/v2\/users\/1"}],"replies":[{"embeddable":true,"href":"https:\/\/contas.cnt.br\/licitacoes\/wp-json\/wp\/v2\/comments?post=2"}],"version-history":[{"count":47,"href":"https:\/\/contas.cnt.br\/licitacoes\/wp-json\/wp\/v2\/pages\/2\/revisions"}],"predecessor-version":[{"id":257,"href":"https:\/\/contas.cnt.br\/licitacoes\/wp-json\/wp\/v2\/pages\/2\/revisions\/257"}],"wp:attachment":[{"href":"https:\/\/contas.cnt.br\/licitacoes\/wp-json\/wp\/v2\/media?parent=2"}],"curies":[{"name":"wp","href":"https:\/\/api.w.org\/{rel}","templated":true}]}}