{"id":210,"date":"2025-06-06T17:15:36","date_gmt":"2025-06-06T20:15:36","guid":{"rendered":"https:\/\/contas.cnt.br\/licitacoes\/?page_id=210"},"modified":"2025-06-19T21:32:19","modified_gmt":"2025-06-20T00:32:19","slug":"documentacao","status":"publish","type":"page","link":"https:\/\/contas.cnt.br\/licitacoes\/documentacao\/","title":{"rendered":"Documenta\u00e7\u00e3o"},"content":{"rendered":"\n<p>Links para documenta\u00e7\u00e3o (normas, orienta\u00e7\u00f5es e jurisprud\u00eancia) em licita\u00e7\u00f5es e contratos.<\/p>\n\n\n\n<hr class=\"wp-block-separator has-alpha-channel-opacity\"\/>\n\n\n\n<p><strong>Portal Nacional de Contrata\u00e7\u00f5es P\u00fablicas &#8211; PNPC<\/strong> (<a href=\"https:\/\/www.gov.br\/pncp\/pt-br\" target=\"_blank\" rel=\"noreferrer noopener\">Clique aqui<\/a>)<\/p>\n\n\n\n<p><strong>Instru\u00e7\u00e3o Normativa SEGES\/ME 73\/2022<\/strong> &#8211; Disp\u00f5e sobre a licita\u00e7\u00e3o pelo crit\u00e9rio de julgamento por menor pre\u00e7o ou maior desconto, na forma eletr\u00f4nica, para a contrata\u00e7\u00e3o de bens, servi\u00e7os e obras, no \u00e2mbito da Administra\u00e7\u00e3o P\u00fablica federal direta, aut\u00e1rquica e fundacional (<a href=\"https:\/\/www.gov.br\/compras\/pt-br\/acesso-a-informacao\/legislacao\/instrucoes-normativas\/instrucao-normativa-seges-me-no-73-de-30-de-setembro-de-2022\" target=\"_blank\" rel=\"noreferrer noopener\">Clique aqui<\/a>)<\/p>\n\n\n\n<p><strong>Informativo de Licita\u00e7\u00f5es e Contratos<\/strong> &#8211; Jurisprud\u00eancia do Tribunal de Contas da Uni\u00e3o (TCU) publicada com periodicidade quinzenal. (<a href=\"https:\/\/portal.tcu.gov.br\/jurisprudencia?tipos=Informativo+de+Licita%C3%A7%C3%B5es+e+Contratos\" target=\"_blank\" rel=\"noreferrer noopener\">Clique aqui<\/a>)<\/p>\n\n\n\n<p><\/p>\n","protected":false},"excerpt":{"rendered":"<p>Links para documenta\u00e7\u00e3o (normas, orienta\u00e7\u00f5es e jurisprud\u00eancia) em licita\u00e7\u00f5es e contratos. Portal Nacional de Contrata\u00e7\u00f5es P\u00fablicas &#8211; PNPC (Clique aqui) Instru\u00e7\u00e3o Normativa SEGES\/ME 73\/2022 &#8211; Disp\u00f5e sobre a licita\u00e7\u00e3o pelo crit\u00e9rio de julgamento por menor pre\u00e7o ou maior desconto, na forma eletr\u00f4nica, para a contrata\u00e7\u00e3o de bens, servi\u00e7os e obras, no \u00e2mbito da Administra\u00e7\u00e3o P\u00fablica [&hellip;]<\/p>\n","protected":false},"author":1,"featured_media":0,"parent":0,"menu_order":0,"comment_status":"closed","ping_status":"closed","template":"","meta":{"footnotes":""},"class_list":["post-210","page","type-page","status-publish","hentry"],"jetpack_sharing_enabled":true,"_links":{"self":[{"href":"https:\/\/contas.cnt.br\/licitacoes\/wp-json\/wp\/v2\/pages\/210","targetHints":{"allow":["GET"]}}],"collection":[{"href":"https:\/\/contas.cnt.br\/licitacoes\/wp-json\/wp\/v2\/pages"}],"about":[{"href":"https:\/\/contas.cnt.br\/licitacoes\/wp-json\/wp\/v2\/types\/page"}],"author":[{"embeddable":true,"href":"https:\/\/contas.cnt.br\/licitacoes\/wp-json\/wp\/v2\/users\/1"}],"replies":[{"embeddable":true,"href":"https:\/\/contas.cnt.br\/licitacoes\/wp-json\/wp\/v2\/comments?post=210"}],"version-history":[{"count":9,"href":"https:\/\/contas.cnt.br\/licitacoes\/wp-json\/wp\/v2\/pages\/210\/revisions"}],"predecessor-version":[{"id":266,"href":"https:\/\/contas.cnt.br\/licitacoes\/wp-json\/wp\/v2\/pages\/210\/revisions\/266"}],"wp:attachment":[{"href":"https:\/\/contas.cnt.br\/licitacoes\/wp-json\/wp\/v2\/media?parent=210"}],"curies":[{"name":"wp","href":"https:\/\/api.w.org\/{rel}","templated":true}]}}