{"id":1886,"date":"2025-02-04T21:45:36","date_gmt":"2025-02-05T00:45:36","guid":{"rendered":"https:\/\/contas.cnt.br\/mcasp\/?page_id=1886"},"modified":"2025-05-30T21:52:47","modified_gmt":"2025-05-31T00:52:47","slug":"documentacao","status":"publish","type":"page","link":"https:\/\/contas.cnt.br\/mcasp\/documentacao\/","title":{"rendered":"Documenta\u00e7\u00e3o"},"content":{"rendered":"\n<hr class=\"wp-block-separator has-alpha-channel-opacity\"\/>\n\n\n\n<div class=\"wp-block-group has-global-padding is-layout-constrained wp-block-group-is-layout-constrained\">\n<p><strong><em>Manual de Contabilidade Aplicada ao Setor P\u00fablico &#8211; MCASP<\/em><\/strong> (<a href=\"https:\/\/contas.cnt.br\/mcasp\/wp-content\/uploads\/2025\/02\/MCASP-11a-Edicao.pdf\" target=\"_blank\" rel=\"noreferrer noopener\">Clique aqui<\/a>)<\/p>\n\n\n\n<p><strong><em>Manual de Demonstrativos Fiscais &#8211; MDF<\/em><\/strong> (<a href=\"https:\/\/www.gov.br\/tesouronacional\/pt-br\/contabilidade-e-custos\/manuais\/manual-de-demonstrativos-fiscais-mdf\" target=\"_blank\" rel=\"noreferrer noopener\">Clique aqui<\/a>)<\/p>\n\n\n\n<p><strong><em>Manual T\u00e9cnico do Or\u00e7amento &#8211; MTO<\/em><\/strong> (<a href=\"https:\/\/www1.siop.planejamento.gov.br\/mto\/doku.php\/mto2025\" target=\"_blank\" rel=\"noreferrer noopener\">Clique aqui<\/a>)<\/p>\n\n\n\n<p><strong><em>Manual SIAFI<\/em><\/strong> <strong><em>&#8211; Sistema Integrado de Administra\u00e7\u00e3o Financeira do Governo Federal<\/em><\/strong> (<a href=\"https:\/\/sisweb.tesouro.gov.br\/apex\/cosis\/manuais\/siafi\" target=\"_blank\" rel=\"noreferrer noopener\">Clique aqui<\/a>)<\/p>\n\n\n\n<p><strong><em>Instru\u00e7\u00f5es de Procedimentos Cont\u00e1beis (IPCs)<\/em><\/strong> (<a href=\"https:\/\/www.gov.br\/tesouronacional\/pt-br\/contabilidade-e-custos\/federacao\/instrucoes-de-pronunciamentos-contabeis-ipcs\" target=\"_blank\" rel=\"noreferrer noopener\">Clique aqui<\/a>)<\/p>\n\n\n\n<p><strong><em>SIAFIC &#8211; Sistema \u00danico e Integrado de Execu\u00e7\u00e3o Or\u00e7ament\u00e1ria, Administra\u00e7\u00e3o Financeira e Controle &#8211; Decreto 10.540\/2020<\/em><\/strong> (<a href=\"https:\/\/www.planalto.gov.br\/ccivil_03\/_ato2019-2022\/2020\/decreto\/d10540.htm\" target=\"_blank\" rel=\"noreferrer noopener\">Clique aqui<\/a>)<\/p>\n\n\n\n<p><strong><em>SICONFI &#8211; Sistema de Informa\u00e7\u00f5es Cont\u00e1beis e Fiscais do Setor P\u00fablico Brasileiro<\/em><\/strong> (<a href=\"https:\/\/siconfi.tesouro.gov.br\/siconfi\/index.jsf\" target=\"_blank\" rel=\"noreferrer noopener\">Clique aqui<\/a>) <\/p>\n\n\n\n<p><strong><em>Portal da Transpar\u00eancia do Governo Federal<\/em><\/strong> (<a href=\"https:\/\/portaldatransparencia.gov.br\/\" target=\"_blank\" rel=\"noreferrer noopener\">Clique aqui<\/a>)<\/p>\n\n\n\n<p><strong><em>Painel do Or\u00e7amento Federal<\/em><\/strong> (<a href=\"https:\/\/www1.siop.planejamento.gov.br\/QvAJAXZfc\/opendoc.htm?document=IAS%2FExecucao_Orcamentaria.qvw&amp;host=QVS%40pqlk04&amp;anonymous=true&amp;sheet=SH06\" target=\"_blank\" rel=\"noreferrer noopener\">Clique aqui<\/a>)<\/p>\n\n\n\n<p><strong>Siga Brasil<\/strong> (<a href=\"https:\/\/www12.senado.leg.br\/orcamento\/sigabrasil\" target=\"_blank\" rel=\"noreferrer noopener\">Clique aqui<\/a>)<\/p>\n<\/div>\n\n\n\n<div class=\"wp-block-group has-global-padding is-layout-constrained wp-block-group-is-layout-constrained\">\n<p><strong><em>Fonte ou Destina\u00e7\u00e3o de Recursos<\/em><\/strong> (<a href=\"https:\/\/www.gov.br\/tesouronacional\/pt-br\/contabilidade-e-custos\/federacao\/fonte-ou-destinacao-de-recursos\" target=\"_blank\" rel=\"noreferrer noopener\">Clique aqui<\/a>)<\/p>\n\n\n\n<p><em><strong>Transfer\u00eancias Constitucionais Realizadas<\/strong><\/em> (<a href=\"https:\/\/www.tesourotransparente.gov.br\/consultas\/transferencias-constitucionais-realizadas\" target=\"_blank\" rel=\"noreferrer noopener\">Consulte aqui<\/a>) <\/p>\n\n\n\n<p><strong><em>Painel das Transfer\u00eancias Intergovernamentais<\/em><\/strong> (<a href=\"https:\/\/www.tesourotransparente.gov.br\/visualizacao\/painel-das-transferencias-intergovernamentais?searchterm=transfer%C3%AAncias\" target=\"_blank\" rel=\"noreferrer noopener\">Consulte <\/a><a href=\"https:\/\/www.tesourotransparente.gov.br\/visualizacao\/painel-das-transferencias-intergovernamentais?searchterm=transfer%C3%AAncias\">aqui<\/a>)<\/p>\n<\/div>\n\n\n\n<div class=\"wp-block-group has-global-padding is-layout-constrained wp-block-group-is-layout-constrained\">\n<p><strong><em><span style=\"text-decoration: underline;\">Planilha contendo os seguintes documentos cont\u00e1beis<\/span><\/em><\/strong> &#8211; <a href=\"https:\/\/contas.cnt.br\/mcasp\/wp-content\/uploads\/2025\/02\/2025_Anexo_II_Portaria_STN_642_Leiaute_MSC_30102024.xlsx\" target=\"_blank\" rel=\"noreferrer noopener\">Clique aqui<\/a><\/p>\n\n\n\n<blockquote class=\"wp-block-quote is-layout-flow wp-block-quote-is-layout-flow\"><\/blockquote>\n<\/div>\n\n\n\n<div class=\"wp-block-group has-global-padding is-layout-constrained wp-block-group-is-layout-constrained\">\n<blockquote class=\"wp-block-quote is-layout-flow wp-block-quote-is-layout-flow\">\n<p>Matriz de Saldos Cont\u00e1beis (MSC) &#8211; observa\u00e7\u00f5es gerais<\/p>\n\n\n\n<p>Leiaute MSC<\/p>\n\n\n\n<p>Plano de Contas Aplicado ao Setor P\u00fablico (PCASP estendido)<\/p>\n\n\n\n<p>Conjunto de Informa\u00e7\u00f5es Complementares<\/p>\n\n\n\n<p>Informa\u00e7\u00f5es Complementares<\/p>\n\n\n\n<p>Poder e \u00d3rg\u00e3o (PO)<\/p>\n\n\n\n<p>Fun\u00e7\u00e3o e Subfun\u00e7\u00e3o (FS)<\/p>\n\n\n\n<p>Natureza da Despesa (ND)<\/p>\n\n\n\n<p>Fonte ou Destina\u00e7\u00e3o de Recursos (FR)<\/p>\n\n\n\n<p>C\u00f3digo de Acompanhamento da Execu\u00e7\u00e3o Or\u00e7ament\u00e1ria (CO)<\/p>\n\n\n\n<p>Natureza da Receita (NR)<\/p>\n<\/blockquote>\n<\/div>\n","protected":false},"excerpt":{"rendered":"<p>Manual de Contabilidade Aplicada ao Setor P\u00fablico &#8211; MCASP (Clique aqui) Manual de Demonstrativos Fiscais &#8211; MDF (Clique aqui) Manual T\u00e9cnico do Or\u00e7amento &#8211; MTO (Clique aqui) Manual SIAFI &#8211; Sistema Integrado de Administra\u00e7\u00e3o Financeira do Governo Federal (Clique aqui) Instru\u00e7\u00f5es de Procedimentos Cont\u00e1beis (IPCs) (Clique aqui) SIAFIC &#8211; Sistema \u00danico e Integrado de Execu\u00e7\u00e3o [&hellip;]<\/p>\n","protected":false},"author":1,"featured_media":1479,"parent":0,"menu_order":0,"comment_status":"closed","ping_status":"closed","template":"","meta":{"jetpack_post_was_ever_published":false,"footnotes":""},"class_list":["post-1886","page","type-page","status-publish","has-post-thumbnail","hentry"],"yoast_head":"<!-- This site is optimized with the Yoast SEO plugin v27.4 - https:\/\/yoast.com\/product\/yoast-seo-wordpress\/ -->\n<title>Documenta\u00e7\u00e3o cont\u00e1bil<\/title>\n<meta name=\"description\" content=\"Documenta\u00e7\u00e3o cont\u00e1bil: Matriz de Saldos Cont\u00e1beis, MCASP, MTO, MDF, Manual Siafi, Painel do Or\u00e7amento Federal, Porta da Transpar\u00eancia...\" \/>\n<meta name=\"robots\" content=\"index, follow, max-snippet:-1, max-image-preview:large, max-video-preview:-1\" \/>\n<link rel=\"canonical\" href=\"https:\/\/contas.cnt.br\/mcasp\/documentacao\/\" \/>\n<meta property=\"og:locale\" content=\"pt_BR\" \/>\n<meta property=\"og:type\" content=\"article\" \/>\n<meta property=\"og:title\" content=\"Documenta\u00e7\u00e3o cont\u00e1bil\" \/>\n<meta property=\"og:description\" content=\"Documenta\u00e7\u00e3o cont\u00e1bil: Matriz de Saldos Cont\u00e1beis, MCASP, MTO, MDF, Manual Siafi, Painel do Or\u00e7amento Federal, Porta da Transpar\u00eancia...\" \/>\n<meta property=\"og:url\" content=\"https:\/\/contas.cnt.br\/mcasp\/documentacao\/\" \/>\n<meta property=\"article:modified_time\" content=\"2025-05-31T00:52:47+00:00\" \/>\n<meta property=\"og:image\" content=\"https:\/\/contas.cnt.br\/mcasp\/wp-content\/uploads\/2024\/07\/1.-MCASP_Online_Capa.png\" \/>\n\t<meta property=\"og:image:width\" content=\"1600\" \/>\n\t<meta property=\"og:image:height\" content=\"280\" \/>\n\t<meta property=\"og:image:type\" content=\"image\/png\" \/>\n<meta name=\"twitter:card\" content=\"summary_large_image\" \/>\n<meta name=\"twitter:label1\" content=\"Est. tempo de leitura\" \/>\n\t<meta name=\"twitter:data1\" content=\"2 minutos\" \/>\n<script type=\"application\/ld+json\" class=\"yoast-schema-graph\">{\"@context\":\"https:\\\/\\\/schema.org\",\"@graph\":[{\"@type\":\"WebPage\",\"@id\":\"https:\\\/\\\/contas.cnt.br\\\/mcasp\\\/documentacao\\\/\",\"url\":\"https:\\\/\\\/contas.cnt.br\\\/mcasp\\\/documentacao\\\/\",\"name\":\"Documenta\u00e7\u00e3o cont\u00e1bil\",\"isPartOf\":{\"@id\":\"https:\\\/\\\/contas.cnt.br\\\/mcasp\\\/#website\"},\"primaryImageOfPage\":{\"@id\":\"https:\\\/\\\/contas.cnt.br\\\/mcasp\\\/documentacao\\\/#primaryimage\"},\"image\":{\"@id\":\"https:\\\/\\\/contas.cnt.br\\\/mcasp\\\/documentacao\\\/#primaryimage\"},\"thumbnailUrl\":\"https:\\\/\\\/contas.cnt.br\\\/mcasp\\\/wp-content\\\/uploads\\\/2024\\\/07\\\/1.-MCASP_Online_Capa.png\",\"datePublished\":\"2025-02-05T00:45:36+00:00\",\"dateModified\":\"2025-05-31T00:52:47+00:00\",\"description\":\"Documenta\u00e7\u00e3o cont\u00e1bil: Matriz de Saldos Cont\u00e1beis, MCASP, MTO, MDF, Manual Siafi, Painel do Or\u00e7amento Federal, Porta da Transpar\u00eancia...\",\"breadcrumb\":{\"@id\":\"https:\\\/\\\/contas.cnt.br\\\/mcasp\\\/documentacao\\\/#breadcrumb\"},\"inLanguage\":\"pt-BR\",\"potentialAction\":[{\"@type\":\"ReadAction\",\"target\":[\"https:\\\/\\\/contas.cnt.br\\\/mcasp\\\/documentacao\\\/\"]}]},{\"@type\":\"ImageObject\",\"inLanguage\":\"pt-BR\",\"@id\":\"https:\\\/\\\/contas.cnt.br\\\/mcasp\\\/documentacao\\\/#primaryimage\",\"url\":\"https:\\\/\\\/contas.cnt.br\\\/mcasp\\\/wp-content\\\/uploads\\\/2024\\\/07\\\/1.-MCASP_Online_Capa.png\",\"contentUrl\":\"https:\\\/\\\/contas.cnt.br\\\/mcasp\\\/wp-content\\\/uploads\\\/2024\\\/07\\\/1.-MCASP_Online_Capa.png\",\"width\":1600,\"height\":280,\"caption\":\"MCASP_Online\"},{\"@type\":\"BreadcrumbList\",\"@id\":\"https:\\\/\\\/contas.cnt.br\\\/mcasp\\\/documentacao\\\/#breadcrumb\",\"itemListElement\":[{\"@type\":\"ListItem\",\"position\":1,\"name\":\"Home\",\"item\":\"https:\\\/\\\/contas.cnt.br\\\/mcasp\\\/\"},{\"@type\":\"ListItem\",\"position\":2,\"name\":\"Documenta\u00e7\u00e3o\"}]},{\"@type\":\"WebSite\",\"@id\":\"https:\\\/\\\/contas.cnt.br\\\/mcasp\\\/#website\",\"url\":\"https:\\\/\\\/contas.cnt.br\\\/mcasp\\\/\",\"name\":\"\",\"description\":\"MCASP Online\",\"potentialAction\":[{\"@type\":\"SearchAction\",\"target\":{\"@type\":\"EntryPoint\",\"urlTemplate\":\"https:\\\/\\\/contas.cnt.br\\\/mcasp\\\/?s={search_term_string}\"},\"query-input\":{\"@type\":\"PropertyValueSpecification\",\"valueRequired\":true,\"valueName\":\"search_term_string\"}}],\"inLanguage\":\"pt-BR\"}]}<\/script>\n<!-- \/ Yoast SEO plugin. -->","yoast_head_json":{"title":"Documenta\u00e7\u00e3o cont\u00e1bil","description":"Documenta\u00e7\u00e3o cont\u00e1bil: Matriz de Saldos Cont\u00e1beis, MCASP, MTO, MDF, Manual Siafi, Painel do Or\u00e7amento Federal, Porta da Transpar\u00eancia...","robots":{"index":"index","follow":"follow","max-snippet":"max-snippet:-1","max-image-preview":"max-image-preview:large","max-video-preview":"max-video-preview:-1"},"canonical":"https:\/\/contas.cnt.br\/mcasp\/documentacao\/","og_locale":"pt_BR","og_type":"article","og_title":"Documenta\u00e7\u00e3o cont\u00e1bil","og_description":"Documenta\u00e7\u00e3o cont\u00e1bil: Matriz de Saldos Cont\u00e1beis, MCASP, MTO, MDF, Manual Siafi, Painel do Or\u00e7amento Federal, Porta da Transpar\u00eancia...","og_url":"https:\/\/contas.cnt.br\/mcasp\/documentacao\/","article_modified_time":"2025-05-31T00:52:47+00:00","og_image":[{"width":1600,"height":280,"url":"https:\/\/contas.cnt.br\/mcasp\/wp-content\/uploads\/2024\/07\/1.-MCASP_Online_Capa.png","type":"image\/png"}],"twitter_card":"summary_large_image","twitter_misc":{"Est. tempo de leitura":"2 minutos"},"schema":{"@context":"https:\/\/schema.org","@graph":[{"@type":"WebPage","@id":"https:\/\/contas.cnt.br\/mcasp\/documentacao\/","url":"https:\/\/contas.cnt.br\/mcasp\/documentacao\/","name":"Documenta\u00e7\u00e3o cont\u00e1bil","isPartOf":{"@id":"https:\/\/contas.cnt.br\/mcasp\/#website"},"primaryImageOfPage":{"@id":"https:\/\/contas.cnt.br\/mcasp\/documentacao\/#primaryimage"},"image":{"@id":"https:\/\/contas.cnt.br\/mcasp\/documentacao\/#primaryimage"},"thumbnailUrl":"https:\/\/contas.cnt.br\/mcasp\/wp-content\/uploads\/2024\/07\/1.-MCASP_Online_Capa.png","datePublished":"2025-02-05T00:45:36+00:00","dateModified":"2025-05-31T00:52:47+00:00","description":"Documenta\u00e7\u00e3o cont\u00e1bil: Matriz de Saldos Cont\u00e1beis, MCASP, MTO, MDF, Manual Siafi, Painel do Or\u00e7amento Federal, Porta da Transpar\u00eancia...","breadcrumb":{"@id":"https:\/\/contas.cnt.br\/mcasp\/documentacao\/#breadcrumb"},"inLanguage":"pt-BR","potentialAction":[{"@type":"ReadAction","target":["https:\/\/contas.cnt.br\/mcasp\/documentacao\/"]}]},{"@type":"ImageObject","inLanguage":"pt-BR","@id":"https:\/\/contas.cnt.br\/mcasp\/documentacao\/#primaryimage","url":"https:\/\/contas.cnt.br\/mcasp\/wp-content\/uploads\/2024\/07\/1.-MCASP_Online_Capa.png","contentUrl":"https:\/\/contas.cnt.br\/mcasp\/wp-content\/uploads\/2024\/07\/1.-MCASP_Online_Capa.png","width":1600,"height":280,"caption":"MCASP_Online"},{"@type":"BreadcrumbList","@id":"https:\/\/contas.cnt.br\/mcasp\/documentacao\/#breadcrumb","itemListElement":[{"@type":"ListItem","position":1,"name":"Home","item":"https:\/\/contas.cnt.br\/mcasp\/"},{"@type":"ListItem","position":2,"name":"Documenta\u00e7\u00e3o"}]},{"@type":"WebSite","@id":"https:\/\/contas.cnt.br\/mcasp\/#website","url":"https:\/\/contas.cnt.br\/mcasp\/","name":"","description":"MCASP Online","potentialAction":[{"@type":"SearchAction","target":{"@type":"EntryPoint","urlTemplate":"https:\/\/contas.cnt.br\/mcasp\/?s={search_term_string}"},"query-input":{"@type":"PropertyValueSpecification","valueRequired":true,"valueName":"search_term_string"}}],"inLanguage":"pt-BR"}]}},"jetpack_sharing_enabled":true,"_links":{"self":[{"href":"https:\/\/contas.cnt.br\/mcasp\/wp-json\/wp\/v2\/pages\/1886","targetHints":{"allow":["GET"]}}],"collection":[{"href":"https:\/\/contas.cnt.br\/mcasp\/wp-json\/wp\/v2\/pages"}],"about":[{"href":"https:\/\/contas.cnt.br\/mcasp\/wp-json\/wp\/v2\/types\/page"}],"author":[{"embeddable":true,"href":"https:\/\/contas.cnt.br\/mcasp\/wp-json\/wp\/v2\/users\/1"}],"replies":[{"embeddable":true,"href":"https:\/\/contas.cnt.br\/mcasp\/wp-json\/wp\/v2\/comments?post=1886"}],"version-history":[{"count":24,"href":"https:\/\/contas.cnt.br\/mcasp\/wp-json\/wp\/v2\/pages\/1886\/revisions"}],"predecessor-version":[{"id":2157,"href":"https:\/\/contas.cnt.br\/mcasp\/wp-json\/wp\/v2\/pages\/1886\/revisions\/2157"}],"wp:featuredmedia":[{"embeddable":true,"href":"https:\/\/contas.cnt.br\/mcasp\/wp-json\/wp\/v2\/media\/1479"}],"wp:attachment":[{"href":"https:\/\/contas.cnt.br\/mcasp\/wp-json\/wp\/v2\/media?parent=1886"}],"curies":[{"name":"wp","href":"https:\/\/api.w.org\/{rel}","templated":true}]}}