{"id":2,"date":"2023-12-08T12:13:46","date_gmt":"2023-12-08T12:13:46","guid":{"rendered":"https:\/\/contas.cnt.br\/mcasp\/?page_id=2"},"modified":"2025-02-05T20:49:12","modified_gmt":"2025-02-05T23:49:12","slug":"manual-de-contabilidade-aplicada-ao-setor-publico","status":"publish","type":"page","link":"https:\/\/contas.cnt.br\/mcasp\/","title":{"rendered":"Manual de Contabilidade Aplicada ao Setor P\u00fablico"},"content":{"rendered":"\n<hr class=\"wp-block-separator has-alpha-channel-opacity\"\/>\n\n\n\n<p class=\"has-text-align-center has-text-color has-link-color wp-elements-572744e1e1a27be490b69fec42fb6b60\" style=\"color:#3d5c71\"><strong>Manual de Contabilidade Aplicada ao Setor P\u00fablico &#8211; MCASP<\/strong> <strong>Online<\/strong><\/p>\n\n\n\n<hr class=\"wp-block-separator has-alpha-channel-opacity\"\/>\n\n\n\n<figure class=\"wp-block-image aligncenter size-full\"><a href=\"https:\/\/contas.cnt.br\/mcasp\/manual-de-contabilidade-aplicada-ao-setor-publico\/sumario\/\"><img loading=\"lazy\" decoding=\"async\" width=\"620\" height=\"180\" src=\"https:\/\/contas.cnt.br\/mcasp\/wp-content\/uploads\/2024\/07\/Sumario_MCASP_Capa.png\" alt=\"\" class=\"wp-image-1459\" srcset=\"https:\/\/contas.cnt.br\/mcasp\/wp-content\/uploads\/2024\/07\/Sumario_MCASP_Capa.png 620w, https:\/\/contas.cnt.br\/mcasp\/wp-content\/uploads\/2024\/07\/Sumario_MCASP_Capa-300x87.png 300w\" sizes=\"auto, (max-width: 620px) 100vw, 620px\" \/><\/a><\/figure>\n\n\n\n<p>Lista do conte\u00fado de todas as partes que integram o MCASP (<a href=\"https:\/\/contas.cnt.br\/mcasp\/manual-de-contabilidade-aplicada-ao-setor-publico\/sumario\/\">Acesse aqui<\/a>).<\/p>\n\n\n\n<hr class=\"wp-block-separator has-alpha-channel-opacity\"\/>\n\n\n\n<figure class=\"wp-block-image aligncenter size-full\"><a href=\"https:\/\/contas.cnt.br\/mcasp\/manual-de-contabilidade-aplicada-ao-setor-publico\/parte-geral\/\"><img loading=\"lazy\" decoding=\"async\" width=\"620\" height=\"280\" src=\"https:\/\/contas.cnt.br\/mcasp\/wp-content\/uploads\/2024\/07\/1.-Parte-Geral.png\" alt=\"\" class=\"wp-image-1404\" srcset=\"https:\/\/contas.cnt.br\/mcasp\/wp-content\/uploads\/2024\/07\/1.-Parte-Geral.png 620w, https:\/\/contas.cnt.br\/mcasp\/wp-content\/uploads\/2024\/07\/1.-Parte-Geral-300x135.png 300w\" sizes=\"auto, (max-width: 620px) 100vw, 620px\" \/><\/a><\/figure>\n\n\n\n<p>Contextualiza\u00e7\u00e3o e aspectos gerais da Contabilidade Aplicada ao Setor P\u00fablico (<a href=\"https:\/\/contas.cnt.br\/mcasp\/manual-de-contabilidade-aplicada-ao-setor-publico\/parte-geral\/\">Acesse aqui<\/a>).<\/p>\n\n\n\n<hr class=\"wp-block-separator has-alpha-channel-opacity\"\/>\n\n\n\n<figure class=\"wp-block-image aligncenter size-full\"><a href=\"https:\/\/contas.cnt.br\/mcasp\/manual-de-contabilidade-aplicada-ao-setor-publico\/procedimentos-contabeis-orcamentarios\/\"><img loading=\"lazy\" decoding=\"async\" width=\"620\" height=\"280\" src=\"https:\/\/contas.cnt.br\/mcasp\/wp-content\/uploads\/2024\/07\/2.-Parte-I.png\" alt=\"\" class=\"wp-image-1407\" srcset=\"https:\/\/contas.cnt.br\/mcasp\/wp-content\/uploads\/2024\/07\/2.-Parte-I.png 620w, https:\/\/contas.cnt.br\/mcasp\/wp-content\/uploads\/2024\/07\/2.-Parte-I-300x135.png 300w\" sizes=\"auto, (max-width: 620px) 100vw, 620px\" \/><\/a><\/figure>\n\n\n\n<p>Princ\u00edpios Or\u00e7ament\u00e1rios, Receitas e Despesas Or\u00e7ament\u00e1rias, Fonte ou Destina\u00e7\u00e3o de Recursos (<a href=\"https:\/\/contas.cnt.br\/mcasp\/manual-de-contabilidade-aplicada-ao-setor-publico\/procedimentos-contabeis-orcamentarios\/\">Acesse aqui<\/a>).<\/p>\n\n\n\n<hr class=\"wp-block-separator has-alpha-channel-opacity\"\/>\n\n\n\n<figure class=\"wp-block-image aligncenter size-full\"><a href=\"https:\/\/contas.cnt.br\/mcasp\/procedimentos-contabeis-patrimoniais\/\"><img loading=\"lazy\" decoding=\"async\" width=\"620\" height=\"280\" src=\"https:\/\/contas.cnt.br\/mcasp\/wp-content\/uploads\/2024\/07\/3.-Parte-II.png\" alt=\"\" class=\"wp-image-1422\" srcset=\"https:\/\/contas.cnt.br\/mcasp\/wp-content\/uploads\/2024\/07\/3.-Parte-II.png 620w, https:\/\/contas.cnt.br\/mcasp\/wp-content\/uploads\/2024\/07\/3.-Parte-II-300x135.png 300w\" sizes=\"auto, (max-width: 620px) 100vw, 620px\" \/><\/a><\/figure>\n\n\n\n<p>Elementos das Demonstra\u00e7\u00f5es Cont\u00e1beis, Mensura\u00e7\u00e3o de Ativos e Passivos, Ativo Imobilizado, demais NBC TSP (<a href=\"https:\/\/contas.cnt.br\/mcasp\/procedimentos-contabeis-patrimoniais\/\">Acesse aqui<\/a>).<\/p>\n\n\n\n<hr class=\"wp-block-separator has-alpha-channel-opacity\"\/>\n\n\n\n<figure class=\"wp-block-image aligncenter size-full\"><a href=\"https:\/\/contas.cnt.br\/mcasp\/manual-de-contabilidade-aplicada-ao-setor-publico\/procedimentos-contabeis-especificos\/\"><img loading=\"lazy\" decoding=\"async\" width=\"620\" height=\"280\" src=\"https:\/\/contas.cnt.br\/mcasp\/wp-content\/uploads\/2024\/07\/4.-Parte-III.png\" alt=\"\" class=\"wp-image-1436\" srcset=\"https:\/\/contas.cnt.br\/mcasp\/wp-content\/uploads\/2024\/07\/4.-Parte-III.png 620w, https:\/\/contas.cnt.br\/mcasp\/wp-content\/uploads\/2024\/07\/4.-Parte-III-300x135.png 300w\" sizes=\"auto, (max-width: 620px) 100vw, 620px\" \/><\/a><\/figure>\n\n\n\n<p>Os Procedimentos Cont\u00e1beis Espec\u00edficos apresentam temas como FUNDEB, Concess\u00f5es de Servi\u00e7os P\u00fablicos, D\u00edvida Ativa e outros (<a href=\"https:\/\/contas.cnt.br\/mcasp\/manual-de-contabilidade-aplicada-ao-setor-publico\/procedimentos-contabeis-especificos\/\">Acesse aqui<\/a>).<\/p>\n\n\n\n<hr class=\"wp-block-separator has-alpha-channel-opacity\"\/>\n\n\n\n<figure class=\"wp-block-image aligncenter size-full\"><a href=\"https:\/\/contas.cnt.br\/mcasp\/manual-de-contabilidade-aplicada-ao-setor-publico\/plano-de-contas-aplicado-ao-setor-publico-pcasp\/\"><img loading=\"lazy\" decoding=\"async\" width=\"620\" height=\"280\" src=\"https:\/\/contas.cnt.br\/mcasp\/wp-content\/uploads\/2024\/07\/5.-Parte-IV.png\" alt=\"\" class=\"wp-image-1439\" srcset=\"https:\/\/contas.cnt.br\/mcasp\/wp-content\/uploads\/2024\/07\/5.-Parte-IV.png 620w, https:\/\/contas.cnt.br\/mcasp\/wp-content\/uploads\/2024\/07\/5.-Parte-IV-300x135.png 300w\" sizes=\"auto, (max-width: 620px) 100vw, 620px\" \/><\/a><\/figure>\n\n\n\n<p>Aspectos gerais e estrutura do PCASP, atributos das contas cont\u00e1beis, cr\u00e9dito empenhado em liquida\u00e7\u00e3o e regras de integridade do PCASP (<a href=\"https:\/\/contas.cnt.br\/mcasp\/manual-de-contabilidade-aplicada-ao-setor-publico\/plano-de-contas-aplicado-ao-setor-publico-pcasp\/\">Acesse aqui<\/a>).<\/p>\n\n\n\n<hr class=\"wp-block-separator has-alpha-channel-opacity\"\/>\n\n\n\n<figure class=\"wp-block-image aligncenter size-full\"><a href=\"https:\/\/contas.cnt.br\/mcasp\/manual-de-contabilidade-aplicada-ao-setor-publico\/demonstracoes-contabeis-aplicadas-ao-setor-publico-dcasp\/\"><img loading=\"lazy\" decoding=\"async\" width=\"620\" height=\"280\" src=\"https:\/\/contas.cnt.br\/mcasp\/wp-content\/uploads\/2024\/07\/6.-Parte-V.png\" alt=\"\" class=\"wp-image-1442\" srcset=\"https:\/\/contas.cnt.br\/mcasp\/wp-content\/uploads\/2024\/07\/6.-Parte-V.png 620w, https:\/\/contas.cnt.br\/mcasp\/wp-content\/uploads\/2024\/07\/6.-Parte-V-300x135.png 300w\" sizes=\"auto, (max-width: 620px) 100vw, 620px\" \/><\/a><\/figure>\n\n\n\n<p>Balan\u00e7o Or\u00e7ament\u00e1rio, Balan\u00e7o Financeiro, Balan\u00e7o Patrimonial, Demonstra\u00e7\u00e3o das Varia\u00e7\u00f5es Patrimoniais, Demonstra\u00e7\u00e3o do Fluxo de Caixa (<a href=\"https:\/\/contas.cnt.br\/mcasp\/manual-de-contabilidade-aplicada-ao-setor-publico\/demonstracoes-contabeis-aplicadas-ao-setor-publico-dcasp\/\">Acesse aqui<\/a>).<\/p>\n\n\n\n<hr class=\"wp-block-separator has-text-color has-alpha-channel-opacity has-background is-style-default\" style=\"background-color:#3d5c71;color:#3d5c71\"\/>\n\n\n\n<p class=\"has-tertiary-background-color has-background\" style=\"padding-top:0;padding-bottom:0\">O Manual de Contabilidade Aplicada ao Setor P\u00fablico (MCASP) \u00e9 editado e publicado pela Secretaria do Tesouro Nacional (STN). A vers\u00e3o online aqui disponibilizada est\u00e1 na sua 11\u00aa Edi\u00e7\u00e3o, de 23\/12\/2024.<\/p>\n\n\n\n<p class=\"has-tertiary-background-color has-background\" style=\"padding-top:0;padding-bottom:0\">O objetivo principal da p\u00fablica\u00e7\u00e3o do <strong>MCASP Online<\/strong> \u00e9 facilitar a navega\u00e7\u00e3o por todo o conte\u00fado, al\u00e9m de possibilitar a busca dos termos na grande rede mundial. Trata-se de iniciativa particular,&nbsp;com intuito meramente did\u00e1tico,&nbsp;sem qualquer v\u00ednculo com a STN.<\/p>\n\n\n\n<blockquote class=\"wp-block-quote is-layout-flow wp-block-quote-is-layout-flow\">\n<p class=\"has-tertiary-background-color has-background\" style=\"padding-top:0;padding-bottom:0\">Qualquer sugest\u00e3o ou observa\u00e7\u00e3o sobre falhas, erros e equ\u00edvocos nesta p\u00fablica\u00e7\u00e3o, basta entrar em contato pelo e-mail contato@contas.cnt.br ou pelo WhatsApp abaixo. Grato pela aten\u00e7\u00e3o!<\/p>\n<cite><strong><em>Renato Santos Chaves<\/em><\/strong><\/cite><\/blockquote>\n\n\n\n<p class=\"has-text-align-center\"><a href=\"https:\/\/contas.cnt.br\/mcasp\/wp-content\/uploads\/2025\/02\/MCASP-11a-Edicao.pdf\" target=\"_blank\" rel=\"noreferrer noopener\">MCASP em PDF &#8211; baixe aqui!<\/a><\/p>\n\n\n\n<div class=\"wp-block-jetpack-send-a-message\">\n<div class=\"wp-block-jetpack-whatsapp-button aligncenter is-color-dark\"><a class=\"whatsapp-block__button\" href=\"https:\/\/api.whatsapp.com\/send?phone=5586995330445&amp;text=MCASP-Online\" style=\"background-color:#25D366;color:#fff\" target=\"_blank\" rel=\"noopener noreferrer\">Conversar no WhatsApp<\/a><\/div>\n<\/div>\n\n\n\n<figure class=\"wp-block-image aligncenter size-large\"><img loading=\"lazy\" decoding=\"async\" width=\"1024\" height=\"179\" src=\"https:\/\/contas.cnt.br\/mcasp\/wp-content\/uploads\/2024\/07\/1.-MCASP_Online_Capa-1024x179.png\" alt=\"MCASP_Online\" class=\"wp-image-1479\" srcset=\"https:\/\/contas.cnt.br\/mcasp\/wp-content\/uploads\/2024\/07\/1.-MCASP_Online_Capa-1024x179.png 1024w, https:\/\/contas.cnt.br\/mcasp\/wp-content\/uploads\/2024\/07\/1.-MCASP_Online_Capa-300x53.png 300w, https:\/\/contas.cnt.br\/mcasp\/wp-content\/uploads\/2024\/07\/1.-MCASP_Online_Capa-768x134.png 768w, https:\/\/contas.cnt.br\/mcasp\/wp-content\/uploads\/2024\/07\/1.-MCASP_Online_Capa-1536x269.png 1536w, https:\/\/contas.cnt.br\/mcasp\/wp-content\/uploads\/2024\/07\/1.-MCASP_Online_Capa.png 1600w\" sizes=\"auto, (max-width: 1024px) 100vw, 1024px\" \/><\/figure>\n\n\n\n<div style=\"height:55px\" aria-hidden=\"true\" class=\"wp-block-spacer\"><\/div>\n\n\n\n<p><\/p>\n","protected":false},"excerpt":{"rendered":"<p>Manual de Contabilidade Aplicada ao Setor P\u00fablico &#8211; MCASP Online Lista do conte\u00fado de todas as partes que integram o MCASP (Acesse aqui). Contextualiza\u00e7\u00e3o e aspectos gerais da Contabilidade Aplicada ao Setor P\u00fablico (Acesse aqui). Princ\u00edpios Or\u00e7ament\u00e1rios, Receitas e Despesas Or\u00e7ament\u00e1rias, Fonte ou Destina\u00e7\u00e3o de Recursos (Acesse aqui). Elementos das Demonstra\u00e7\u00f5es Cont\u00e1beis, Mensura\u00e7\u00e3o de Ativos [&hellip;]<\/p>\n","protected":false},"author":1,"featured_media":1479,"parent":0,"menu_order":0,"comment_status":"closed","ping_status":"open","template":"","meta":{"jetpack_post_was_ever_published":false,"footnotes":""},"class_list":["post-2","page","type-page","status-publish","has-post-thumbnail","hentry"],"yoast_head":"<!-- This site is optimized with the Yoast SEO plugin v27.3 - https:\/\/yoast.com\/product\/yoast-seo-wordpress\/ -->\n<title>MCASP ONLINE: Manual de Contabilidade Aplicada ao Setor P\u00fablico<\/title>\n<meta name=\"description\" content=\"Manual de Contabilidade Aplicada ao Setor P\u00fablico - MCASP Online, de acordo com a edi\u00e7\u00e3o atual da Secretaria do Tesouro Nacional - STN.\" \/>\n<meta name=\"robots\" content=\"index, follow, max-snippet:-1, max-image-preview:large, max-video-preview:-1\" \/>\n<link rel=\"canonical\" href=\"https:\/\/contas.cnt.br\/mcasp\/\" \/>\n<meta property=\"og:locale\" content=\"pt_BR\" \/>\n<meta property=\"og:type\" content=\"article\" \/>\n<meta property=\"og:title\" content=\"MCASP ONLINE: Manual de Contabilidade Aplicada ao Setor P\u00fablico\" \/>\n<meta property=\"og:description\" content=\"Manual de Contabilidade Aplicada ao Setor P\u00fablico - MCASP Online, de acordo com a edi\u00e7\u00e3o atual da Secretaria do Tesouro Nacional - STN.\" \/>\n<meta property=\"og:url\" content=\"https:\/\/contas.cnt.br\/mcasp\/\" \/>\n<meta property=\"article:modified_time\" content=\"2025-02-05T23:49:12+00:00\" \/>\n<meta property=\"og:image\" content=\"https:\/\/contas.cnt.br\/mcasp\/wp-content\/uploads\/2024\/07\/1.-MCASP_Online_Capa.png\" \/>\n\t<meta property=\"og:image:width\" content=\"1600\" \/>\n\t<meta property=\"og:image:height\" content=\"280\" \/>\n\t<meta property=\"og:image:type\" content=\"image\/png\" \/>\n<meta name=\"twitter:card\" content=\"summary_large_image\" \/>\n<meta name=\"twitter:label1\" content=\"Est. tempo de leitura\" \/>\n\t<meta name=\"twitter:data1\" content=\"3 minutos\" \/>\n<script type=\"application\/ld+json\" class=\"yoast-schema-graph\">{\"@context\":\"https:\\\/\\\/schema.org\",\"@graph\":[{\"@type\":\"WebPage\",\"@id\":\"https:\\\/\\\/contas.cnt.br\\\/mcasp\\\/\",\"url\":\"https:\\\/\\\/contas.cnt.br\\\/mcasp\\\/\",\"name\":\"MCASP ONLINE: Manual de Contabilidade Aplicada ao Setor P\u00fablico\",\"isPartOf\":{\"@id\":\"https:\\\/\\\/contas.cnt.br\\\/mcasp\\\/#website\"},\"primaryImageOfPage\":{\"@id\":\"https:\\\/\\\/contas.cnt.br\\\/mcasp\\\/#primaryimage\"},\"image\":{\"@id\":\"https:\\\/\\\/contas.cnt.br\\\/mcasp\\\/#primaryimage\"},\"thumbnailUrl\":\"https:\\\/\\\/contas.cnt.br\\\/mcasp\\\/wp-content\\\/uploads\\\/2024\\\/07\\\/1.-MCASP_Online_Capa.png\",\"datePublished\":\"2023-12-08T12:13:46+00:00\",\"dateModified\":\"2025-02-05T23:49:12+00:00\",\"description\":\"Manual de Contabilidade Aplicada ao Setor P\u00fablico - MCASP Online, de acordo com a edi\u00e7\u00e3o atual da Secretaria do Tesouro Nacional - STN.\",\"breadcrumb\":{\"@id\":\"https:\\\/\\\/contas.cnt.br\\\/mcasp\\\/#breadcrumb\"},\"inLanguage\":\"pt-BR\",\"potentialAction\":[{\"@type\":\"ReadAction\",\"target\":[\"https:\\\/\\\/contas.cnt.br\\\/mcasp\\\/\"]}]},{\"@type\":\"ImageObject\",\"inLanguage\":\"pt-BR\",\"@id\":\"https:\\\/\\\/contas.cnt.br\\\/mcasp\\\/#primaryimage\",\"url\":\"https:\\\/\\\/contas.cnt.br\\\/mcasp\\\/wp-content\\\/uploads\\\/2024\\\/07\\\/1.-MCASP_Online_Capa.png\",\"contentUrl\":\"https:\\\/\\\/contas.cnt.br\\\/mcasp\\\/wp-content\\\/uploads\\\/2024\\\/07\\\/1.-MCASP_Online_Capa.png\",\"width\":1600,\"height\":280,\"caption\":\"MCASP_Online\"},{\"@type\":\"BreadcrumbList\",\"@id\":\"https:\\\/\\\/contas.cnt.br\\\/mcasp\\\/#breadcrumb\",\"itemListElement\":[{\"@type\":\"ListItem\",\"position\":1,\"name\":\"Home\",\"item\":\"https:\\\/\\\/contas.cnt.br\\\/mcasp\\\/\"},{\"@type\":\"ListItem\",\"position\":2,\"name\":\"Manual de Contabilidade Aplicada ao Setor P\u00fablico\"}]},{\"@type\":\"WebSite\",\"@id\":\"https:\\\/\\\/contas.cnt.br\\\/mcasp\\\/#website\",\"url\":\"https:\\\/\\\/contas.cnt.br\\\/mcasp\\\/\",\"name\":\"\",\"description\":\"MCASP Online\",\"potentialAction\":[{\"@type\":\"SearchAction\",\"target\":{\"@type\":\"EntryPoint\",\"urlTemplate\":\"https:\\\/\\\/contas.cnt.br\\\/mcasp\\\/?s={search_term_string}\"},\"query-input\":{\"@type\":\"PropertyValueSpecification\",\"valueRequired\":true,\"valueName\":\"search_term_string\"}}],\"inLanguage\":\"pt-BR\"}]}<\/script>\n<!-- \/ Yoast SEO plugin. -->","yoast_head_json":{"title":"MCASP ONLINE: Manual de Contabilidade Aplicada ao Setor P\u00fablico","description":"Manual de Contabilidade Aplicada ao Setor P\u00fablico - MCASP Online, de acordo com a edi\u00e7\u00e3o atual da Secretaria do Tesouro Nacional - STN.","robots":{"index":"index","follow":"follow","max-snippet":"max-snippet:-1","max-image-preview":"max-image-preview:large","max-video-preview":"max-video-preview:-1"},"canonical":"https:\/\/contas.cnt.br\/mcasp\/","og_locale":"pt_BR","og_type":"article","og_title":"MCASP ONLINE: Manual de Contabilidade Aplicada ao Setor P\u00fablico","og_description":"Manual de Contabilidade Aplicada ao Setor P\u00fablico - MCASP Online, de acordo com a edi\u00e7\u00e3o atual da Secretaria do Tesouro Nacional - STN.","og_url":"https:\/\/contas.cnt.br\/mcasp\/","article_modified_time":"2025-02-05T23:49:12+00:00","og_image":[{"width":1600,"height":280,"url":"https:\/\/contas.cnt.br\/mcasp\/wp-content\/uploads\/2024\/07\/1.-MCASP_Online_Capa.png","type":"image\/png"}],"twitter_card":"summary_large_image","twitter_misc":{"Est. tempo de leitura":"3 minutos"},"schema":{"@context":"https:\/\/schema.org","@graph":[{"@type":"WebPage","@id":"https:\/\/contas.cnt.br\/mcasp\/","url":"https:\/\/contas.cnt.br\/mcasp\/","name":"MCASP ONLINE: Manual de Contabilidade Aplicada ao Setor P\u00fablico","isPartOf":{"@id":"https:\/\/contas.cnt.br\/mcasp\/#website"},"primaryImageOfPage":{"@id":"https:\/\/contas.cnt.br\/mcasp\/#primaryimage"},"image":{"@id":"https:\/\/contas.cnt.br\/mcasp\/#primaryimage"},"thumbnailUrl":"https:\/\/contas.cnt.br\/mcasp\/wp-content\/uploads\/2024\/07\/1.-MCASP_Online_Capa.png","datePublished":"2023-12-08T12:13:46+00:00","dateModified":"2025-02-05T23:49:12+00:00","description":"Manual de Contabilidade Aplicada ao Setor P\u00fablico - MCASP Online, de acordo com a edi\u00e7\u00e3o atual da Secretaria do Tesouro Nacional - STN.","breadcrumb":{"@id":"https:\/\/contas.cnt.br\/mcasp\/#breadcrumb"},"inLanguage":"pt-BR","potentialAction":[{"@type":"ReadAction","target":["https:\/\/contas.cnt.br\/mcasp\/"]}]},{"@type":"ImageObject","inLanguage":"pt-BR","@id":"https:\/\/contas.cnt.br\/mcasp\/#primaryimage","url":"https:\/\/contas.cnt.br\/mcasp\/wp-content\/uploads\/2024\/07\/1.-MCASP_Online_Capa.png","contentUrl":"https:\/\/contas.cnt.br\/mcasp\/wp-content\/uploads\/2024\/07\/1.-MCASP_Online_Capa.png","width":1600,"height":280,"caption":"MCASP_Online"},{"@type":"BreadcrumbList","@id":"https:\/\/contas.cnt.br\/mcasp\/#breadcrumb","itemListElement":[{"@type":"ListItem","position":1,"name":"Home","item":"https:\/\/contas.cnt.br\/mcasp\/"},{"@type":"ListItem","position":2,"name":"Manual de Contabilidade Aplicada ao Setor P\u00fablico"}]},{"@type":"WebSite","@id":"https:\/\/contas.cnt.br\/mcasp\/#website","url":"https:\/\/contas.cnt.br\/mcasp\/","name":"","description":"MCASP Online","potentialAction":[{"@type":"SearchAction","target":{"@type":"EntryPoint","urlTemplate":"https:\/\/contas.cnt.br\/mcasp\/?s={search_term_string}"},"query-input":{"@type":"PropertyValueSpecification","valueRequired":true,"valueName":"search_term_string"}}],"inLanguage":"pt-BR"}]}},"jetpack_sharing_enabled":true,"_links":{"self":[{"href":"https:\/\/contas.cnt.br\/mcasp\/wp-json\/wp\/v2\/pages\/2","targetHints":{"allow":["GET"]}}],"collection":[{"href":"https:\/\/contas.cnt.br\/mcasp\/wp-json\/wp\/v2\/pages"}],"about":[{"href":"https:\/\/contas.cnt.br\/mcasp\/wp-json\/wp\/v2\/types\/page"}],"author":[{"embeddable":true,"href":"https:\/\/contas.cnt.br\/mcasp\/wp-json\/wp\/v2\/users\/1"}],"replies":[{"embeddable":true,"href":"https:\/\/contas.cnt.br\/mcasp\/wp-json\/wp\/v2\/comments?post=2"}],"version-history":[{"count":176,"href":"https:\/\/contas.cnt.br\/mcasp\/wp-json\/wp\/v2\/pages\/2\/revisions"}],"predecessor-version":[{"id":1910,"href":"https:\/\/contas.cnt.br\/mcasp\/wp-json\/wp\/v2\/pages\/2\/revisions\/1910"}],"wp:featuredmedia":[{"embeddable":true,"href":"https:\/\/contas.cnt.br\/mcasp\/wp-json\/wp\/v2\/media\/1479"}],"wp:attachment":[{"href":"https:\/\/contas.cnt.br\/mcasp\/wp-json\/wp\/v2\/media?parent=2"}],"curies":[{"name":"wp","href":"https:\/\/api.w.org\/{rel}","templated":true}]}}