{"id":234,"date":"2023-12-08T21:07:58","date_gmt":"2023-12-09T00:07:58","guid":{"rendered":"https:\/\/contas.cnt.br\/mcasp\/?page_id=234"},"modified":"2025-08-04T17:15:10","modified_gmt":"2025-08-04T20:15:10","slug":"sumario","status":"publish","type":"page","link":"https:\/\/contas.cnt.br\/mcasp\/manual-de-contabilidade-aplicada-ao-setor-publico\/sumario\/","title":{"rendered":"Sum\u00e1rio"},"content":{"rendered":"\n<h5 class=\"wp-block-heading has-contrast-color has-tertiary-background-color has-text-color has-background has-link-color wp-elements-77695f2bc436d4943a27f0e7b26e93b6\" style=\"padding-top:0;padding-bottom:0\"><b>Parte Geral<\/b><\/h5>\n\n\n\n<p><a href=\"https:\/\/contas.cnt.br\/mcasp\/manual-de-contabilidade-aplicada-ao-setor-publico\/parte-geral\/\">1. Contextualiza\u00e7\u00e3o<\/a><\/p>\n\n\n\n<p>2. <a href=\"https:\/\/contas.cnt.br\/mcasp\/2-plano-de-contas-aplicado-ao-setor-publico-pcasp\/\">Plano de Contas Aplicado ao Setor P\u00fablico (PCASP)<\/a><\/p>\n\n\n\n<p>3. <a href=\"https:\/\/contas.cnt.br\/mcasp\/3-aspectos-orcamentario-patrimonial-e-fiscal-da-contabilidade-aplicada-ao-setor-publico\/\">Aspectos Or\u00e7ament\u00e1rio, Patrimonial e Fiscal da Contabilidade Aplicada ao Setor P\u00fablico<\/a><\/p>\n\n\n\n<p>4. <a href=\"https:\/\/contas.cnt.br\/mcasp\/4-implantacao-das-inovacoes-na-contabilidade-aplicada-ao-setor-publico\/\">Implanta\u00e7\u00e3o das Inova\u00e7\u00f5es na Contabilidade no Setor P\u00fablico<\/a><\/p>\n\n\n\n<p>5. <a href=\"https:\/\/contas.cnt.br\/mcasp\/alcance-e-autoridade\/\">Alcance e Autoridade<\/a><\/p>\n\n\n\n<p>6. <a href=\"https:\/\/contas.cnt.br\/mcasp\/6-caracteristicas-qualitativas\/\">Caracter\u00edsticas Qualitativas<\/a><\/p>\n\n\n\n<p>7. <a href=\"https:\/\/contas.cnt.br\/mcasp\/7-criterios-gerais-de-evidenciacao-das-demonstracoes-contabeis\/\">Crit\u00e9rios Gerais de Evidencia\u00e7\u00e3o nas Demonstra\u00e7\u00f5es Cont\u00e1beis<\/a><\/p>\n\n\n\n<h5 class=\"wp-block-heading has-tertiary-background-color has-background\" style=\"padding-top:0;padding-bottom:0\"><b>Parte I &#8211; Procedimentos Cont\u00e1beis Or\u00e7ament\u00e1rios<\/b><\/h5>\n\n\n\n<p><a href=\"https:\/\/contas.cnt.br\/mcasp\/manual-de-contabilidade-aplicada-ao-setor-publico\/procedimentos-contabeis-orcamentarios\/\">1. Introdu\u00e7\u00e3o<\/a><\/p>\n\n\n\n<p>2. <a href=\"https:\/\/contas.cnt.br\/mcasp\/2-principios-orcamentarios\/\">Princ\u00edpios Or\u00e7ament\u00e1rios<\/a><\/p>\n\n\n\n<p>3. <a href=\"https:\/\/contas.cnt.br\/mcasp\/3-receita-orcamentaria\/\">Receita Or\u00e7ament\u00e1ria<\/a><\/p>\n\n\n\n<p>3.1. <a href=\"https:\/\/contas.cnt.br\/mcasp\/3-receita-orcamentaria\/\">Conceito<\/a><\/p>\n\n\n\n<p>3.2. <a href=\"https:\/\/contas.cnt.br\/mcasp\/3-2-classificacoes-da-receita-orcamentaria\/\">Classifica\u00e7\u00f5es da Receita Or\u00e7ament\u00e1ria<\/a><\/p>\n\n\n\n<p>3.3. Registro da Receita Or\u00e7ament\u00e1ria<\/p>\n\n\n\n<p>3.4. Relacionamento do Regime Or\u00e7ament\u00e1rio com o Regime Cont\u00e1bil<\/p>\n\n\n\n<p>3.5. Etapas da Receita Or\u00e7ament\u00e1ria<\/p>\n\n\n\n<p>3.6. Procedimentos Cont\u00e1beis Referentes \u00e0 Receita Or\u00e7ament\u00e1ria<\/p>\n\n\n\n<p>4. <a href=\"https:\/\/contas.cnt.br\/mcasp\/4-despesa-orcamentaria\/\">Despesa Or\u00e7ament\u00e1ria<\/a><\/p>\n\n\n\n<p>4.1. <a href=\"https:\/\/contas.cnt.br\/mcasp\/4-despesa-orcamentaria\/\">Conceito<\/a><\/p>\n\n\n\n<p>4.2. <a href=\"https:\/\/contas.cnt.br\/mcasp\/4-2-classificacoes-da-despesa-orcamentaria\/\">Classifica\u00e7\u00f5es da Despesa Or\u00e7ament\u00e1ria<\/a><\/p>\n\n\n\n<p>4.3. Cr\u00e9ditos Or\u00e7ament\u00e1rios Iniciais e Adicionais<\/p>\n\n\n\n<p>4.4. Etapas da Despesa Or\u00e7ament\u00e1ria<\/p>\n\n\n\n<p>4.5. Procedimentos Cont\u00e1beis Referentes \u00e0 Despesa Or\u00e7ament\u00e1ria<\/p>\n\n\n\n<p>4.6. D\u00favidas Comuns Referentes \u00e0 Classifica\u00e7\u00e3o Or\u00e7ament\u00e1ria<\/p>\n\n\n\n<p>4.7. <a href=\"https:\/\/contas.cnt.br\/mcasp\/4-7-restos-a-pagar\/\">Restos a Pagar<\/a><\/p>\n\n\n\n<p>4.8. Despesas de Exerc\u00edcios Anteriores<\/p>\n\n\n\n<p>4.9. Suprimento de Fundos (Regime de Adiantamento)<\/p>\n\n\n\n<p>5. <a href=\"https:\/\/contas.cnt.br\/mcasp\/5-fonte-ou-destinacao-de-recursos\/\">Fonte ou Destina\u00e7\u00e3o de Recursos<\/a><\/p>\n\n\n\n<p>6. Registros Cont\u00e1beis Referentes a Transa\u00e7\u00f5es sem Efetivo Fluxo de Caixa<\/p>\n\n\n\n<h5 class=\"wp-block-heading has-tertiary-background-color has-background\" style=\"padding-top:0;padding-bottom:0\"><b>Parte II &#8211; Procedimentos Cont\u00e1beis Patrimoniais<\/b><\/h5>\n\n\n\n<p>1. <a href=\"https:\/\/contas.cnt.br\/mcasp\/procedimentos-contabeis-patrimoniais\/\">Introdu\u00e7\u00e3o<\/a><\/p>\n\n\n\n<p>2. <a href=\"https:\/\/contas.cnt.br\/mcasp\/procedimentos-contabeis-patrimoniais\/elementos-das-demonstracoes-contabeis\/\">Elementos das Demonstra\u00e7\u00f5es Cont\u00e1beis<\/a><\/p>\n\n\n\n<p>3. Mensura\u00e7\u00e3o de Ativos e Passivos<\/p>\n\n\n\n<p>4. Caixa e Equivalentes de Caixa<\/p>\n\n\n\n<p>5. Estoques<\/p>\n\n\n\n<p>6. Ativo Biol\u00f3gico e Produto Agr\u00edcola<\/p>\n\n\n\n<p>7. Propriedade para Investimento<\/p>\n\n\n\n<p>8. Investimento em Coligada e em Empreendimento Controlado em Conjunto (ECC)<\/p>\n\n\n\n<p>9.&nbsp; Combina\u00e7\u00f5es no Setor P\u00fablico<\/p>\n\n\n\n<p>10. Acordos em Conjunto<\/p>\n\n\n\n<p>11. <a href=\"https:\/\/contas.cnt.br\/mcasp\/manual-de-contabilidade-aplicada-ao-setor-publico\/procedimentos-contabeis-patrimoniais\/ativo-imobilizado-nbc-tsp-07\/\">Ativo Imobilizado<\/a><\/p>\n\n\n\n<p>12. Ativo Intang\u00edvel<\/p>\n\n\n\n<p>13. Redu\u00e7\u00e3o ao Valor Recuper\u00e1vel<\/p>\n\n\n\n<p>14. Receita de Transa\u00e7\u00e3o sem Contrapresta\u00e7\u00e3o<\/p>\n\n\n\n<p>15. Receita de Transa\u00e7\u00e3o com Contrapresta\u00e7\u00e3o<\/p>\n\n\n\n<p>16. Custos de Empr\u00e9stimos<\/p>\n\n\n\n<p>17. <a href=\"https:\/\/contas.cnt.br\/mcasp\/manual-de-contabilidade-aplicada-ao-setor-publico\/procedimentos-contabeis-patrimoniais\/provisoes-passivos-contingentes-e-ativos-contingentes\/\">Provis\u00f5es, Passivos Contingentes e Ativos Contingentes<\/a><\/p>\n\n\n\n<p>18. Apropria\u00e7\u00e3o de 13\u00ba Sal\u00e1rio e F\u00e9rias<\/p>\n\n\n\n<p>19. Reflexo Patrimonial das Despesas de Exerc\u00edcios Anteriores (DEA)<\/p>\n\n\n\n<p>20. Efeito das Mudan\u00e7as nas Taxas de C\u00e2mbio<\/p>\n\n\n\n<p>21. Evento Subsequente<\/p>\n\n\n\n<p>22. Pol\u00edticas Cont\u00e1beis, Mudan\u00e7a de Estimativa e Retifica\u00e7\u00e3o de Erro<\/p>\n\n\n\n<p>23. Benef\u00edcios Sociais<\/p>\n\n\n\n<p>24. Instrumentos Financeiros<\/p>\n\n\n\n<h5 class=\"wp-block-heading has-tertiary-background-color has-background\" style=\"padding-top:0;padding-bottom:0\"><b>Parte III &#8211; Procedimentos Cont\u00e1beis Espec\u00edficos<\/b><\/h5>\n\n\n\n<p>1. <a href=\"https:\/\/contas.cnt.br\/mcasp\/manual-de-contabilidade-aplicada-ao-setor-publico\/procedimentos-contabeis-especificos\/\">FUNDEB<\/a><\/p>\n\n\n\n<p>2. Concess\u00f5es de Servi\u00e7os P\u00fablicos<\/p>\n\n\n\n<p>3. Opera\u00e7\u00e3o de Cr\u00e9dito<\/p>\n\n\n\n<p>4. Benef\u00edcios P\u00f3s Emprego (NBC TSP 15 &#8211; Benef\u00edcios a Empregados)<\/p>\n\n\n\n<p>5. D\u00edvida Ativa<\/p>\n\n\n\n<p>6. Precat\u00f3rios em Regime Especial<\/p>\n\n\n\n<p>7. Cons\u00f3rcios P\u00fablicos<\/p>\n\n\n\n<h5 class=\"wp-block-heading has-tertiary-background-color has-background\" style=\"padding-top:0;padding-bottom:0\"><b>Parte IV &#8211; Plano de Contas Aplicado ao Setor P\u00fablico (PCASP)<\/b><\/h5>\n\n\n\n<p>1. <a href=\"https:\/\/contas.cnt.br\/mcasp\/manual-de-contabilidade-aplicada-ao-setor-publico\/plano-de-contas-aplicado-ao-setor-publico-pcasp\/\">Introdu\u00e7\u00e3o<\/a><\/p>\n\n\n\n<p>2. <a href=\"https:\/\/contas.cnt.br\/mcasp\/2-aspectos-gerais-do-pcasp\/\">Aspectos Gerais do PCASP<\/a><\/p>\n\n\n\n<p>3. <a href=\"https:\/\/contas.cnt.br\/mcasp\/3-estrutura-do-pcasp\/\">Estrutura do PCASP<\/a><\/p>\n\n\n\n<p>3.1. <a href=\"https:\/\/contas.cnt.br\/mcasp\/3-estrutura-do-pcasp\/\">Natureza da Informa\u00e7\u00e3o Cont\u00e1bil<\/a><\/p>\n\n\n\n<p>3.2. <a href=\"https:\/\/contas.cnt.br\/mcasp\/3-2-codigo-da-conta-contabil\/\">C\u00f3digo da Conta Cont\u00e1bil<\/a><\/p>\n\n\n\n<p>3.3. <a href=\"https:\/\/contas.cnt.br\/mcasp\/3-3-atributos-da-conta-contabil\/\">Atributos da Contas Cont\u00e1bil<\/a><\/p>\n\n\n\n<p>3.4. <a href=\"https:\/\/contas.cnt.br\/mcasp\/3-4-credito-empenhado-em-liquidacao\/\">Cr\u00e9dito Empenhado em Liquida\u00e7\u00e3o<\/a><\/p>\n\n\n\n<p>3.5. <a href=\"https:\/\/contas.cnt.br\/mcasp\/3-5-regras-de-integridade-do-pcasp\/\">Regras de Integridade do PCASP<\/a><\/p>\n\n\n\n<h5 class=\"wp-block-heading has-tertiary-background-color has-background\" style=\"padding-top:0;padding-bottom:0\"><b>Parte V &#8211; Demonstra\u00e7\u00f5es Cont\u00e1beis Aplicadas ao Setor P\u00fablico (DCASP)<\/b><\/h5>\n\n\n\n<p>1. <a href=\"https:\/\/contas.cnt.br\/mcasp\/manual-de-contabilidade-aplicada-ao-setor-publico\/demonstracoes-contabeis-aplicadas-ao-setor-publico-dcasp\/\">Introdu\u00e7\u00e3o<\/a><\/p>\n\n\n\n<p>2. Balan\u00e7o Or\u00e7ament\u00e1rio<\/p>\n\n\n\n<p>3. <a href=\"https:\/\/contas.cnt.br\/mcasp\/3-balanco-patrimonial\/\">Balan\u00e7o Financeiro<\/a><\/p>\n\n\n\n<p>4. Balan\u00e7o Patrimonial<\/p>\n\n\n\n<p>5. Demonstra\u00e7\u00e3o das Varia\u00e7\u00f5es Patrimoniais<\/p>\n\n\n\n<p>6. Demonstra\u00e7\u00e3o dos Fluxos de Caixa<\/p>\n\n\n\n<p>7. Demonstra\u00e7\u00e3o das Muta\u00e7\u00f5es no Patrim\u00f4nio L\u00edquido<\/p>\n\n\n\n<p>8. Notas Explicativas \u00e0s DCASP<\/p>\n\n\n\n<p>9. Divulga\u00e7\u00e3o de Participa\u00e7\u00f5es em Acordos em Conjunto e em Coligadas<\/p>\n\n\n\n<p>10. Divulga\u00e7\u00e3o sobre Partes Relacionadas<\/p>\n\n\n\n<p>11. Consolida\u00e7\u00e3o das Demonstra\u00e7\u00f5es Cont\u00e1beis<\/p>\n\n\n\n<div style=\"height:70px\" aria-hidden=\"true\" class=\"wp-block-spacer\"><\/div>\n","protected":false},"excerpt":{"rendered":"<p>Parte Geral 1. Contextualiza\u00e7\u00e3o 2. Plano de Contas Aplicado ao Setor P\u00fablico (PCASP) 3. Aspectos Or\u00e7ament\u00e1rio, Patrimonial e Fiscal da Contabilidade Aplicada ao Setor P\u00fablico 4. Implanta\u00e7\u00e3o das Inova\u00e7\u00f5es na Contabilidade no Setor P\u00fablico 5. Alcance e Autoridade 6. Caracter\u00edsticas Qualitativas 7. Crit\u00e9rios Gerais de Evidencia\u00e7\u00e3o nas Demonstra\u00e7\u00f5es Cont\u00e1beis Parte I &#8211; Procedimentos Cont\u00e1beis Or\u00e7ament\u00e1rios [&hellip;]<\/p>\n","protected":false},"author":1,"featured_media":1481,"parent":2,"menu_order":1,"comment_status":"closed","ping_status":"closed","template":"","meta":{"jetpack_post_was_ever_published":false,"footnotes":""},"class_list":["post-234","page","type-page","status-publish","has-post-thumbnail","hentry"],"yoast_head":"<!-- This site is optimized with the Yoast SEO plugin v27.3 - https:\/\/yoast.com\/product\/yoast-seo-wordpress\/ -->\n<title>Sum\u00e1rio - MCASP<\/title>\n<meta name=\"description\" content=\"Sum\u00e1rio do Manual de Contabilidade Aplicada ao Setor P\u00fablico - MCASP. Curso Contabilidade P\u00fablica. Renato Santos Chaves\" \/>\n<meta name=\"robots\" content=\"index, follow, max-snippet:-1, max-image-preview:large, max-video-preview:-1\" \/>\n<link rel=\"canonical\" href=\"https:\/\/contas.cnt.br\/mcasp\/manual-de-contabilidade-aplicada-ao-setor-publico\/sumario\/\" \/>\n<meta property=\"og:locale\" content=\"pt_BR\" \/>\n<meta property=\"og:type\" content=\"article\" \/>\n<meta property=\"og:title\" content=\"Sum\u00e1rio - MCASP\" \/>\n<meta property=\"og:description\" content=\"Sum\u00e1rio do Manual de Contabilidade Aplicada ao Setor P\u00fablico - MCASP. Curso Contabilidade P\u00fablica. Renato Santos Chaves\" \/>\n<meta property=\"og:url\" content=\"https:\/\/contas.cnt.br\/mcasp\/manual-de-contabilidade-aplicada-ao-setor-publico\/sumario\/\" \/>\n<meta property=\"article:modified_time\" content=\"2025-08-04T20:15:10+00:00\" \/>\n<meta property=\"og:image\" content=\"https:\/\/contas.cnt.br\/mcasp\/wp-content\/uploads\/2024\/07\/2.-MCASP_Online_Sumario.png\" \/>\n\t<meta property=\"og:image:width\" content=\"1600\" \/>\n\t<meta property=\"og:image:height\" content=\"280\" \/>\n\t<meta property=\"og:image:type\" content=\"image\/png\" \/>\n<meta name=\"twitter:card\" content=\"summary_large_image\" \/>\n<meta name=\"twitter:label1\" content=\"Est. tempo de leitura\" \/>\n\t<meta name=\"twitter:data1\" content=\"3 minutos\" \/>\n<script type=\"application\/ld+json\" class=\"yoast-schema-graph\">{\"@context\":\"https:\\\/\\\/schema.org\",\"@graph\":[{\"@type\":\"WebPage\",\"@id\":\"https:\\\/\\\/contas.cnt.br\\\/mcasp\\\/manual-de-contabilidade-aplicada-ao-setor-publico\\\/sumario\\\/\",\"url\":\"https:\\\/\\\/contas.cnt.br\\\/mcasp\\\/manual-de-contabilidade-aplicada-ao-setor-publico\\\/sumario\\\/\",\"name\":\"Sum\u00e1rio - MCASP\",\"isPartOf\":{\"@id\":\"https:\\\/\\\/contas.cnt.br\\\/mcasp\\\/#website\"},\"primaryImageOfPage\":{\"@id\":\"https:\\\/\\\/contas.cnt.br\\\/mcasp\\\/manual-de-contabilidade-aplicada-ao-setor-publico\\\/sumario\\\/#primaryimage\"},\"image\":{\"@id\":\"https:\\\/\\\/contas.cnt.br\\\/mcasp\\\/manual-de-contabilidade-aplicada-ao-setor-publico\\\/sumario\\\/#primaryimage\"},\"thumbnailUrl\":\"https:\\\/\\\/contas.cnt.br\\\/mcasp\\\/wp-content\\\/uploads\\\/2024\\\/07\\\/2.-MCASP_Online_Sumario.png\",\"datePublished\":\"2023-12-09T00:07:58+00:00\",\"dateModified\":\"2025-08-04T20:15:10+00:00\",\"description\":\"Sum\u00e1rio do Manual de Contabilidade Aplicada ao Setor P\u00fablico - MCASP. Curso Contabilidade P\u00fablica. Renato Santos Chaves\",\"breadcrumb\":{\"@id\":\"https:\\\/\\\/contas.cnt.br\\\/mcasp\\\/manual-de-contabilidade-aplicada-ao-setor-publico\\\/sumario\\\/#breadcrumb\"},\"inLanguage\":\"pt-BR\",\"potentialAction\":[{\"@type\":\"ReadAction\",\"target\":[\"https:\\\/\\\/contas.cnt.br\\\/mcasp\\\/manual-de-contabilidade-aplicada-ao-setor-publico\\\/sumario\\\/\"]}]},{\"@type\":\"ImageObject\",\"inLanguage\":\"pt-BR\",\"@id\":\"https:\\\/\\\/contas.cnt.br\\\/mcasp\\\/manual-de-contabilidade-aplicada-ao-setor-publico\\\/sumario\\\/#primaryimage\",\"url\":\"https:\\\/\\\/contas.cnt.br\\\/mcasp\\\/wp-content\\\/uploads\\\/2024\\\/07\\\/2.-MCASP_Online_Sumario.png\",\"contentUrl\":\"https:\\\/\\\/contas.cnt.br\\\/mcasp\\\/wp-content\\\/uploads\\\/2024\\\/07\\\/2.-MCASP_Online_Sumario.png\",\"width\":1600,\"height\":280,\"caption\":\"MCASP_Online\"},{\"@type\":\"BreadcrumbList\",\"@id\":\"https:\\\/\\\/contas.cnt.br\\\/mcasp\\\/manual-de-contabilidade-aplicada-ao-setor-publico\\\/sumario\\\/#breadcrumb\",\"itemListElement\":[{\"@type\":\"ListItem\",\"position\":1,\"name\":\"Home\",\"item\":\"https:\\\/\\\/contas.cnt.br\\\/mcasp\\\/\"},{\"@type\":\"ListItem\",\"position\":2,\"name\":\"Manual de Contabilidade Aplicada ao Setor P\u00fablico\",\"item\":\"https:\\\/\\\/contas.cnt.br\\\/mcasp\\\/\"},{\"@type\":\"ListItem\",\"position\":3,\"name\":\"Sum\u00e1rio\"}]},{\"@type\":\"WebSite\",\"@id\":\"https:\\\/\\\/contas.cnt.br\\\/mcasp\\\/#website\",\"url\":\"https:\\\/\\\/contas.cnt.br\\\/mcasp\\\/\",\"name\":\"\",\"description\":\"MCASP Online\",\"potentialAction\":[{\"@type\":\"SearchAction\",\"target\":{\"@type\":\"EntryPoint\",\"urlTemplate\":\"https:\\\/\\\/contas.cnt.br\\\/mcasp\\\/?s={search_term_string}\"},\"query-input\":{\"@type\":\"PropertyValueSpecification\",\"valueRequired\":true,\"valueName\":\"search_term_string\"}}],\"inLanguage\":\"pt-BR\"}]}<\/script>\n<!-- \/ Yoast SEO plugin. -->","yoast_head_json":{"title":"Sum\u00e1rio - MCASP","description":"Sum\u00e1rio do Manual de Contabilidade Aplicada ao Setor P\u00fablico - MCASP. Curso Contabilidade P\u00fablica. Renato Santos Chaves","robots":{"index":"index","follow":"follow","max-snippet":"max-snippet:-1","max-image-preview":"max-image-preview:large","max-video-preview":"max-video-preview:-1"},"canonical":"https:\/\/contas.cnt.br\/mcasp\/manual-de-contabilidade-aplicada-ao-setor-publico\/sumario\/","og_locale":"pt_BR","og_type":"article","og_title":"Sum\u00e1rio - MCASP","og_description":"Sum\u00e1rio do Manual de Contabilidade Aplicada ao Setor P\u00fablico - MCASP. Curso Contabilidade P\u00fablica. Renato Santos Chaves","og_url":"https:\/\/contas.cnt.br\/mcasp\/manual-de-contabilidade-aplicada-ao-setor-publico\/sumario\/","article_modified_time":"2025-08-04T20:15:10+00:00","og_image":[{"width":1600,"height":280,"url":"https:\/\/contas.cnt.br\/mcasp\/wp-content\/uploads\/2024\/07\/2.-MCASP_Online_Sumario.png","type":"image\/png"}],"twitter_card":"summary_large_image","twitter_misc":{"Est. tempo de leitura":"3 minutos"},"schema":{"@context":"https:\/\/schema.org","@graph":[{"@type":"WebPage","@id":"https:\/\/contas.cnt.br\/mcasp\/manual-de-contabilidade-aplicada-ao-setor-publico\/sumario\/","url":"https:\/\/contas.cnt.br\/mcasp\/manual-de-contabilidade-aplicada-ao-setor-publico\/sumario\/","name":"Sum\u00e1rio - MCASP","isPartOf":{"@id":"https:\/\/contas.cnt.br\/mcasp\/#website"},"primaryImageOfPage":{"@id":"https:\/\/contas.cnt.br\/mcasp\/manual-de-contabilidade-aplicada-ao-setor-publico\/sumario\/#primaryimage"},"image":{"@id":"https:\/\/contas.cnt.br\/mcasp\/manual-de-contabilidade-aplicada-ao-setor-publico\/sumario\/#primaryimage"},"thumbnailUrl":"https:\/\/contas.cnt.br\/mcasp\/wp-content\/uploads\/2024\/07\/2.-MCASP_Online_Sumario.png","datePublished":"2023-12-09T00:07:58+00:00","dateModified":"2025-08-04T20:15:10+00:00","description":"Sum\u00e1rio do Manual de Contabilidade Aplicada ao Setor P\u00fablico - MCASP. Curso Contabilidade P\u00fablica. Renato Santos Chaves","breadcrumb":{"@id":"https:\/\/contas.cnt.br\/mcasp\/manual-de-contabilidade-aplicada-ao-setor-publico\/sumario\/#breadcrumb"},"inLanguage":"pt-BR","potentialAction":[{"@type":"ReadAction","target":["https:\/\/contas.cnt.br\/mcasp\/manual-de-contabilidade-aplicada-ao-setor-publico\/sumario\/"]}]},{"@type":"ImageObject","inLanguage":"pt-BR","@id":"https:\/\/contas.cnt.br\/mcasp\/manual-de-contabilidade-aplicada-ao-setor-publico\/sumario\/#primaryimage","url":"https:\/\/contas.cnt.br\/mcasp\/wp-content\/uploads\/2024\/07\/2.-MCASP_Online_Sumario.png","contentUrl":"https:\/\/contas.cnt.br\/mcasp\/wp-content\/uploads\/2024\/07\/2.-MCASP_Online_Sumario.png","width":1600,"height":280,"caption":"MCASP_Online"},{"@type":"BreadcrumbList","@id":"https:\/\/contas.cnt.br\/mcasp\/manual-de-contabilidade-aplicada-ao-setor-publico\/sumario\/#breadcrumb","itemListElement":[{"@type":"ListItem","position":1,"name":"Home","item":"https:\/\/contas.cnt.br\/mcasp\/"},{"@type":"ListItem","position":2,"name":"Manual de Contabilidade Aplicada ao Setor P\u00fablico","item":"https:\/\/contas.cnt.br\/mcasp\/"},{"@type":"ListItem","position":3,"name":"Sum\u00e1rio"}]},{"@type":"WebSite","@id":"https:\/\/contas.cnt.br\/mcasp\/#website","url":"https:\/\/contas.cnt.br\/mcasp\/","name":"","description":"MCASP Online","potentialAction":[{"@type":"SearchAction","target":{"@type":"EntryPoint","urlTemplate":"https:\/\/contas.cnt.br\/mcasp\/?s={search_term_string}"},"query-input":{"@type":"PropertyValueSpecification","valueRequired":true,"valueName":"search_term_string"}}],"inLanguage":"pt-BR"}]}},"jetpack_sharing_enabled":true,"_links":{"self":[{"href":"https:\/\/contas.cnt.br\/mcasp\/wp-json\/wp\/v2\/pages\/234","targetHints":{"allow":["GET"]}}],"collection":[{"href":"https:\/\/contas.cnt.br\/mcasp\/wp-json\/wp\/v2\/pages"}],"about":[{"href":"https:\/\/contas.cnt.br\/mcasp\/wp-json\/wp\/v2\/types\/page"}],"author":[{"embeddable":true,"href":"https:\/\/contas.cnt.br\/mcasp\/wp-json\/wp\/v2\/users\/1"}],"replies":[{"embeddable":true,"href":"https:\/\/contas.cnt.br\/mcasp\/wp-json\/wp\/v2\/comments?post=234"}],"version-history":[{"count":122,"href":"https:\/\/contas.cnt.br\/mcasp\/wp-json\/wp\/v2\/pages\/234\/revisions"}],"predecessor-version":[{"id":2287,"href":"https:\/\/contas.cnt.br\/mcasp\/wp-json\/wp\/v2\/pages\/234\/revisions\/2287"}],"up":[{"embeddable":true,"href":"https:\/\/contas.cnt.br\/mcasp\/wp-json\/wp\/v2\/pages\/2"}],"wp:featuredmedia":[{"embeddable":true,"href":"https:\/\/contas.cnt.br\/mcasp\/wp-json\/wp\/v2\/media\/1481"}],"wp:attachment":[{"href":"https:\/\/contas.cnt.br\/mcasp\/wp-json\/wp\/v2\/media?parent=234"}],"curies":[{"name":"wp","href":"https:\/\/api.w.org\/{rel}","templated":true}]}}