{"id":668,"date":"2023-12-10T20:36:25","date_gmt":"2023-12-10T23:36:25","guid":{"rendered":"https:\/\/contas.cnt.br\/mcasp\/?page_id=668"},"modified":"2024-08-27T22:30:22","modified_gmt":"2024-08-28T01:30:22","slug":"procedimentos-contabeis-especificos","status":"publish","type":"page","link":"https:\/\/contas.cnt.br\/mcasp\/manual-de-contabilidade-aplicada-ao-setor-publico\/procedimentos-contabeis-especificos\/","title":{"rendered":"Procedimentos Cont\u00e1beis Espec\u00edficos"},"content":{"rendered":"\n<h5 class=\"wp-block-heading\">1. fundeb<\/h5>\n\n\n\n<h6 class=\"wp-block-heading\">1.1. introdu\u00e7\u00e3o<\/h6>\n\n\n\n<p>O Fundo de Manuten\u00e7\u00e3o e Desenvolvimento da Educa\u00e7\u00e3o B\u00e1sica e de Valoriza\u00e7\u00e3o dos Profissionais da Educa\u00e7\u00e3o (Fundeb), institu\u00eddo nos termos do art. 212-A da Constitui\u00e7\u00e3o Federal, com a reda\u00e7\u00e3o dada pela Emenda Constitucional n\u00ba 108\/2020, encontra-se regulamentado pela Lei n\u00ba 14.113\/2020 e pelo Decreto n.\u00ba 10.656\/2021. <\/p>\n\n\n\n<p>Com as altera\u00e7\u00f5es promovidas pela EC n\u00ba 108\/2020, o Fundeb, anteriormente com vig\u00eancia tempor\u00e1ria, passou a ser permanente. <\/p>\n\n\n\n<p>O Fundeb, caracterizado como fundo especial de natureza cont\u00e1bil, de \u00e2mbito estadual<sup>1<\/sup> (um fundo por estado e Distrito Federal, num total de vinte e sete fundos) destina-se \u00e0 manuten\u00e7\u00e3o e ao desenvolvimento da educa\u00e7\u00e3o b\u00e1sica p\u00fablica e \u00e0 valoriza\u00e7\u00e3o dos trabalhadores em educa\u00e7\u00e3o, incluindo sua condigna remunera\u00e7\u00e3o.<\/p>\n\n\n\n<p>1. <sub>Neste cap\u00edtulo que versa sobre Fundeb, sempre que se falar em estado enquanto ente federativo, entenda-se contemplado o Distrito Federal.<\/sub><\/p>\n\n\n\n<h5 class=\"wp-block-heading\">1.2. recursos do fundeb<\/h5>\n\n\n\n<p>Para cumprir a sua finalidade, o Fundeb de cada estado conta com recursos provenientes dos impostos e das transfer\u00eancias do estado e de seus munic\u00edpios, bem como de complementa\u00e7\u00e3o financeira de responsabilidade da Uni\u00e3o. <\/p>\n\n\n\n<p>Os estados, o Distrito Federal e os munic\u00edpios contribuem para a composi\u00e7\u00e3o do Fundeb no montante equivalente ao percentual de 20% das receitas dos seguintes impostos e transfer\u00eancias constitucionais e legais:<\/p>\n\n\n\n<blockquote class=\"wp-block-quote is-layout-flow wp-block-quote-is-layout-flow\">\n<p>a) Fundo de Participa\u00e7\u00e3o dos Estados \u2013 FPE. <\/p>\n\n\n\n<p>b) Fundo de Participa\u00e7\u00e3o dos Munic\u00edpios \u2013 FPM <\/p>\n\n\n\n<p>c) Imposto sobre Circula\u00e7\u00e3o de Mercadorias e Servi\u00e7os \u2013 ICMS. <\/p>\n\n\n\n<p>d) Cota-parte do Imposto sobre Produtos Industrializados, proporcional \u00e0s exporta\u00e7\u00f5es\u2013 IPI Exporta\u00e7\u00e3o. <\/p>\n\n\n\n<p>e) Imposto sobre Transmiss\u00e3o Causa Mortis e Doa\u00e7\u00f5es \u2013 ITCD. <\/p>\n\n\n\n<p>f) Imposto sobre Propriedade de Ve\u00edculos Automotores \u2013 IPVA. <\/p>\n\n\n\n<p>g) Cota parte de 50% do Imposto Territorial Rural \u2013 ITR devida aos munic\u00edpios. <\/p>\n\n\n\n<p>h) Receita da d\u00edvida ativa tribut\u00e1ria, juros e multas relativas aos impostos acima relacionados.<\/p>\n<\/blockquote>\n\n\n\n<p>Na din\u00e2mica do Fundeb h\u00e1 dois cen\u00e1rios em que os entes podem se encontrar quanto a transfer\u00eancia de recursos: o relacionamento direto com o fundo, com o envio e recep\u00e7\u00e3o de recursos; e a recep\u00e7\u00e3o de recursos direto da Uni\u00e3o como complementa\u00e7\u00e3o. [&#8230;]<\/p>\n\n\n\n<p>&gt;&gt;&gt; CAP\u00cdTULOS<\/p>\n\n\n\n<blockquote class=\"wp-block-quote is-layout-flow wp-block-quote-is-layout-flow\">\n<ol class=\"wp-block-list\">\n<li>FUNDEB<\/li>\n\n\n\n<li>Concess\u00f5es de Servi\u00e7os P\u00fablicos<\/li>\n\n\n\n<li>Opera\u00e7\u00e3o de Cr\u00e9dito<\/li>\n\n\n\n<li>Benef\u00edcios P\u00f3s Emprego (NBC TSP 15 \u2013 Benef\u00edcios a Empregados)<\/li>\n\n\n\n<li>D\u00edvida Ativa<\/li>\n\n\n\n<li>Precat\u00f3rios em Regime Especial<\/li>\n\n\n\n<li>Cons\u00f3rcios P\u00fablicos<\/li>\n<\/ol>\n<\/blockquote>\n\n\n\n<h5 class=\"wp-block-heading\">&gt;&gt; PARTES<\/h5>\n\n\n\n<blockquote class=\"wp-block-quote is-layout-flow wp-block-quote-is-layout-flow\">\n<p><a href=\"https:\/\/contas.cnt.br\/mcasp\/manual-de-contabilidade-aplicada-ao-setor-publico\/parte-geral\/\">Parte Geral<\/a><\/p>\n\n\n\n<p><a href=\"https:\/\/contas.cnt.br\/mcasp\/manual-de-contabilidade-aplicada-ao-setor-publico\/procedimentos-contabeis-orcamentarios\/\">Parte I \u2013 Procedimentos Cont\u00e1beis Or\u00e7ament\u00e1rios<\/a><\/p>\n\n\n\n<p><a href=\"https:\/\/contas.cnt.br\/mcasp\/procedimentos-contabeis-patrimoniais\/\">Parte II \u2013 Procedimentos Cont\u00e1beis Patrimoniais<\/a><\/p>\n\n\n\n<p>Parte III \u2013 Procedimentos Cont\u00e1beis Espec\u00edficos<\/p>\n\n\n\n<p><a href=\"https:\/\/contas.cnt.br\/mcasp\/manual-de-contabilidade-aplicada-ao-setor-publico\/plano-de-contas-aplicado-ao-setor-publico-pcasp\/\">Parte IV \u2013 Plano de Contas Aplicado ao Setor P\u00fablico \u2013 PCASP<\/a><\/p>\n\n\n\n<p><a href=\"https:\/\/contas.cnt.br\/mcasp\/manual-de-contabilidade-aplicada-ao-setor-publico\/demonstracoes-contabeis-aplicadas-ao-setor-publico-dcasp\/\">Parte V \u2013 Demonstra\u00e7\u00f5es Cont\u00e1beis Aplicadas ao Setor P\u00fablico \u2013 DCASP<\/a><\/p>\n<\/blockquote>\n\n\n\n<p>&gt;&nbsp;<a href=\"https:\/\/contas.cnt.br\/mcasp\/manual-de-contabilidade-aplicada-ao-setor-publico\/sumario\/\">SUM\u00c1RIO<\/a><a href=\"https:\/\/www.contas.cnt.br\/curso-contabilidade-publica-contabilidade-aplicada-ao-setor-publico\/\" target=\"_blank\" rel=\"noopener\"><br><br>\t\t\t\t\t\t\t\t\t\t\t\t\t\t\t<\/a><\/p>\n","protected":false},"excerpt":{"rendered":"<p>1. fundeb 1.1. introdu\u00e7\u00e3o O Fundo de Manuten\u00e7\u00e3o e Desenvolvimento da Educa\u00e7\u00e3o B\u00e1sica e de Valoriza\u00e7\u00e3o dos Profissionais da Educa\u00e7\u00e3o (Fundeb), institu\u00eddo nos termos do art. 212-A da Constitui\u00e7\u00e3o Federal, com a reda\u00e7\u00e3o dada pela Emenda Constitucional n\u00ba 108\/2020, encontra-se regulamentado pela Lei n\u00ba 14.113\/2020 e pelo Decreto n.\u00ba 10.656\/2021. Com as altera\u00e7\u00f5es promovidas pela [&hellip;]<\/p>\n","protected":false},"author":1,"featured_media":1834,"parent":2,"menu_order":0,"comment_status":"closed","ping_status":"closed","template":"","meta":{"jetpack_post_was_ever_published":false,"footnotes":""},"class_list":["post-668","page","type-page","status-publish","has-post-thumbnail","hentry"],"yoast_head":"<!-- This site is optimized with the Yoast SEO plugin v27.3 - https:\/\/yoast.com\/product\/yoast-seo-wordpress\/ -->\n<title>Procedimentos Cont\u00e1beis Espec\u00edficos<\/title>\n<meta name=\"description\" content=\"Procedimentos Cont\u00e1beis Espec\u00edficos - anual de Contabilidade Aplicada ao Setor P\u00fablico - MCASP. Curso Contabilidade P\u00fablica. Renato S. Chaves\" \/>\n<meta name=\"robots\" content=\"index, follow, max-snippet:-1, max-image-preview:large, max-video-preview:-1\" \/>\n<link rel=\"canonical\" href=\"https:\/\/contas.cnt.br\/mcasp\/manual-de-contabilidade-aplicada-ao-setor-publico\/procedimentos-contabeis-especificos\/\" \/>\n<meta property=\"og:locale\" content=\"pt_BR\" \/>\n<meta property=\"og:type\" content=\"article\" \/>\n<meta property=\"og:title\" content=\"Procedimentos Cont\u00e1beis Espec\u00edficos\" \/>\n<meta property=\"og:description\" content=\"Procedimentos Cont\u00e1beis Espec\u00edficos - anual de Contabilidade Aplicada ao Setor P\u00fablico - MCASP. Curso Contabilidade P\u00fablica. Renato S. Chaves\" \/>\n<meta property=\"og:url\" content=\"https:\/\/contas.cnt.br\/mcasp\/manual-de-contabilidade-aplicada-ao-setor-publico\/procedimentos-contabeis-especificos\/\" \/>\n<meta property=\"article:modified_time\" content=\"2024-08-28T01:30:22+00:00\" \/>\n<meta property=\"og:image\" content=\"https:\/\/contas.cnt.br\/mcasp\/wp-content\/uploads\/2024\/08\/5.-MCASP_Online_PCE.png\" \/>\n\t<meta property=\"og:image:width\" content=\"1600\" \/>\n\t<meta property=\"og:image:height\" content=\"280\" \/>\n\t<meta property=\"og:image:type\" content=\"image\/png\" \/>\n<meta name=\"twitter:card\" content=\"summary_large_image\" \/>\n<meta name=\"twitter:label1\" content=\"Est. tempo de leitura\" \/>\n\t<meta name=\"twitter:data1\" content=\"2 minutos\" \/>\n<script type=\"application\/ld+json\" class=\"yoast-schema-graph\">{\"@context\":\"https:\\\/\\\/schema.org\",\"@graph\":[{\"@type\":\"WebPage\",\"@id\":\"https:\\\/\\\/contas.cnt.br\\\/mcasp\\\/manual-de-contabilidade-aplicada-ao-setor-publico\\\/procedimentos-contabeis-especificos\\\/\",\"url\":\"https:\\\/\\\/contas.cnt.br\\\/mcasp\\\/manual-de-contabilidade-aplicada-ao-setor-publico\\\/procedimentos-contabeis-especificos\\\/\",\"name\":\"Procedimentos Cont\u00e1beis Espec\u00edficos\",\"isPartOf\":{\"@id\":\"https:\\\/\\\/contas.cnt.br\\\/mcasp\\\/#website\"},\"primaryImageOfPage\":{\"@id\":\"https:\\\/\\\/contas.cnt.br\\\/mcasp\\\/manual-de-contabilidade-aplicada-ao-setor-publico\\\/procedimentos-contabeis-especificos\\\/#primaryimage\"},\"image\":{\"@id\":\"https:\\\/\\\/contas.cnt.br\\\/mcasp\\\/manual-de-contabilidade-aplicada-ao-setor-publico\\\/procedimentos-contabeis-especificos\\\/#primaryimage\"},\"thumbnailUrl\":\"https:\\\/\\\/contas.cnt.br\\\/mcasp\\\/wp-content\\\/uploads\\\/2024\\\/08\\\/5.-MCASP_Online_PCE.png\",\"datePublished\":\"2023-12-10T23:36:25+00:00\",\"dateModified\":\"2024-08-28T01:30:22+00:00\",\"description\":\"Procedimentos Cont\u00e1beis Espec\u00edficos - anual de Contabilidade Aplicada ao Setor P\u00fablico - MCASP. Curso Contabilidade P\u00fablica. Renato S. Chaves\",\"breadcrumb\":{\"@id\":\"https:\\\/\\\/contas.cnt.br\\\/mcasp\\\/manual-de-contabilidade-aplicada-ao-setor-publico\\\/procedimentos-contabeis-especificos\\\/#breadcrumb\"},\"inLanguage\":\"pt-BR\",\"potentialAction\":[{\"@type\":\"ReadAction\",\"target\":[\"https:\\\/\\\/contas.cnt.br\\\/mcasp\\\/manual-de-contabilidade-aplicada-ao-setor-publico\\\/procedimentos-contabeis-especificos\\\/\"]}]},{\"@type\":\"ImageObject\",\"inLanguage\":\"pt-BR\",\"@id\":\"https:\\\/\\\/contas.cnt.br\\\/mcasp\\\/manual-de-contabilidade-aplicada-ao-setor-publico\\\/procedimentos-contabeis-especificos\\\/#primaryimage\",\"url\":\"https:\\\/\\\/contas.cnt.br\\\/mcasp\\\/wp-content\\\/uploads\\\/2024\\\/08\\\/5.-MCASP_Online_PCE.png\",\"contentUrl\":\"https:\\\/\\\/contas.cnt.br\\\/mcasp\\\/wp-content\\\/uploads\\\/2024\\\/08\\\/5.-MCASP_Online_PCE.png\",\"width\":1600,\"height\":280,\"caption\":\"Procedimentos Cont\u00e1beis Espec\u00edficos\"},{\"@type\":\"BreadcrumbList\",\"@id\":\"https:\\\/\\\/contas.cnt.br\\\/mcasp\\\/manual-de-contabilidade-aplicada-ao-setor-publico\\\/procedimentos-contabeis-especificos\\\/#breadcrumb\",\"itemListElement\":[{\"@type\":\"ListItem\",\"position\":1,\"name\":\"Home\",\"item\":\"https:\\\/\\\/contas.cnt.br\\\/mcasp\\\/\"},{\"@type\":\"ListItem\",\"position\":2,\"name\":\"Manual de Contabilidade Aplicada ao Setor P\u00fablico\",\"item\":\"https:\\\/\\\/contas.cnt.br\\\/mcasp\\\/\"},{\"@type\":\"ListItem\",\"position\":3,\"name\":\"Procedimentos Cont\u00e1beis Espec\u00edficos\"}]},{\"@type\":\"WebSite\",\"@id\":\"https:\\\/\\\/contas.cnt.br\\\/mcasp\\\/#website\",\"url\":\"https:\\\/\\\/contas.cnt.br\\\/mcasp\\\/\",\"name\":\"\",\"description\":\"MCASP Online\",\"potentialAction\":[{\"@type\":\"SearchAction\",\"target\":{\"@type\":\"EntryPoint\",\"urlTemplate\":\"https:\\\/\\\/contas.cnt.br\\\/mcasp\\\/?s={search_term_string}\"},\"query-input\":{\"@type\":\"PropertyValueSpecification\",\"valueRequired\":true,\"valueName\":\"search_term_string\"}}],\"inLanguage\":\"pt-BR\"}]}<\/script>\n<!-- \/ Yoast SEO plugin. -->","yoast_head_json":{"title":"Procedimentos Cont\u00e1beis Espec\u00edficos","description":"Procedimentos Cont\u00e1beis Espec\u00edficos - anual de Contabilidade Aplicada ao Setor P\u00fablico - MCASP. Curso Contabilidade P\u00fablica. Renato S. Chaves","robots":{"index":"index","follow":"follow","max-snippet":"max-snippet:-1","max-image-preview":"max-image-preview:large","max-video-preview":"max-video-preview:-1"},"canonical":"https:\/\/contas.cnt.br\/mcasp\/manual-de-contabilidade-aplicada-ao-setor-publico\/procedimentos-contabeis-especificos\/","og_locale":"pt_BR","og_type":"article","og_title":"Procedimentos Cont\u00e1beis Espec\u00edficos","og_description":"Procedimentos Cont\u00e1beis Espec\u00edficos - anual de Contabilidade Aplicada ao Setor P\u00fablico - MCASP. Curso Contabilidade P\u00fablica. Renato S. Chaves","og_url":"https:\/\/contas.cnt.br\/mcasp\/manual-de-contabilidade-aplicada-ao-setor-publico\/procedimentos-contabeis-especificos\/","article_modified_time":"2024-08-28T01:30:22+00:00","og_image":[{"width":1600,"height":280,"url":"https:\/\/contas.cnt.br\/mcasp\/wp-content\/uploads\/2024\/08\/5.-MCASP_Online_PCE.png","type":"image\/png"}],"twitter_card":"summary_large_image","twitter_misc":{"Est. tempo de leitura":"2 minutos"},"schema":{"@context":"https:\/\/schema.org","@graph":[{"@type":"WebPage","@id":"https:\/\/contas.cnt.br\/mcasp\/manual-de-contabilidade-aplicada-ao-setor-publico\/procedimentos-contabeis-especificos\/","url":"https:\/\/contas.cnt.br\/mcasp\/manual-de-contabilidade-aplicada-ao-setor-publico\/procedimentos-contabeis-especificos\/","name":"Procedimentos Cont\u00e1beis Espec\u00edficos","isPartOf":{"@id":"https:\/\/contas.cnt.br\/mcasp\/#website"},"primaryImageOfPage":{"@id":"https:\/\/contas.cnt.br\/mcasp\/manual-de-contabilidade-aplicada-ao-setor-publico\/procedimentos-contabeis-especificos\/#primaryimage"},"image":{"@id":"https:\/\/contas.cnt.br\/mcasp\/manual-de-contabilidade-aplicada-ao-setor-publico\/procedimentos-contabeis-especificos\/#primaryimage"},"thumbnailUrl":"https:\/\/contas.cnt.br\/mcasp\/wp-content\/uploads\/2024\/08\/5.-MCASP_Online_PCE.png","datePublished":"2023-12-10T23:36:25+00:00","dateModified":"2024-08-28T01:30:22+00:00","description":"Procedimentos Cont\u00e1beis Espec\u00edficos - anual de Contabilidade Aplicada ao Setor P\u00fablico - MCASP. Curso Contabilidade P\u00fablica. Renato S. Chaves","breadcrumb":{"@id":"https:\/\/contas.cnt.br\/mcasp\/manual-de-contabilidade-aplicada-ao-setor-publico\/procedimentos-contabeis-especificos\/#breadcrumb"},"inLanguage":"pt-BR","potentialAction":[{"@type":"ReadAction","target":["https:\/\/contas.cnt.br\/mcasp\/manual-de-contabilidade-aplicada-ao-setor-publico\/procedimentos-contabeis-especificos\/"]}]},{"@type":"ImageObject","inLanguage":"pt-BR","@id":"https:\/\/contas.cnt.br\/mcasp\/manual-de-contabilidade-aplicada-ao-setor-publico\/procedimentos-contabeis-especificos\/#primaryimage","url":"https:\/\/contas.cnt.br\/mcasp\/wp-content\/uploads\/2024\/08\/5.-MCASP_Online_PCE.png","contentUrl":"https:\/\/contas.cnt.br\/mcasp\/wp-content\/uploads\/2024\/08\/5.-MCASP_Online_PCE.png","width":1600,"height":280,"caption":"Procedimentos Cont\u00e1beis Espec\u00edficos"},{"@type":"BreadcrumbList","@id":"https:\/\/contas.cnt.br\/mcasp\/manual-de-contabilidade-aplicada-ao-setor-publico\/procedimentos-contabeis-especificos\/#breadcrumb","itemListElement":[{"@type":"ListItem","position":1,"name":"Home","item":"https:\/\/contas.cnt.br\/mcasp\/"},{"@type":"ListItem","position":2,"name":"Manual de Contabilidade Aplicada ao Setor P\u00fablico","item":"https:\/\/contas.cnt.br\/mcasp\/"},{"@type":"ListItem","position":3,"name":"Procedimentos Cont\u00e1beis Espec\u00edficos"}]},{"@type":"WebSite","@id":"https:\/\/contas.cnt.br\/mcasp\/#website","url":"https:\/\/contas.cnt.br\/mcasp\/","name":"","description":"MCASP Online","potentialAction":[{"@type":"SearchAction","target":{"@type":"EntryPoint","urlTemplate":"https:\/\/contas.cnt.br\/mcasp\/?s={search_term_string}"},"query-input":{"@type":"PropertyValueSpecification","valueRequired":true,"valueName":"search_term_string"}}],"inLanguage":"pt-BR"}]}},"jetpack_sharing_enabled":true,"_links":{"self":[{"href":"https:\/\/contas.cnt.br\/mcasp\/wp-json\/wp\/v2\/pages\/668","targetHints":{"allow":["GET"]}}],"collection":[{"href":"https:\/\/contas.cnt.br\/mcasp\/wp-json\/wp\/v2\/pages"}],"about":[{"href":"https:\/\/contas.cnt.br\/mcasp\/wp-json\/wp\/v2\/types\/page"}],"author":[{"embeddable":true,"href":"https:\/\/contas.cnt.br\/mcasp\/wp-json\/wp\/v2\/users\/1"}],"replies":[{"embeddable":true,"href":"https:\/\/contas.cnt.br\/mcasp\/wp-json\/wp\/v2\/comments?post=668"}],"version-history":[{"count":30,"href":"https:\/\/contas.cnt.br\/mcasp\/wp-json\/wp\/v2\/pages\/668\/revisions"}],"predecessor-version":[{"id":1650,"href":"https:\/\/contas.cnt.br\/mcasp\/wp-json\/wp\/v2\/pages\/668\/revisions\/1650"}],"up":[{"embeddable":true,"href":"https:\/\/contas.cnt.br\/mcasp\/wp-json\/wp\/v2\/pages\/2"}],"wp:featuredmedia":[{"embeddable":true,"href":"https:\/\/contas.cnt.br\/mcasp\/wp-json\/wp\/v2\/media\/1834"}],"wp:attachment":[{"href":"https:\/\/contas.cnt.br\/mcasp\/wp-json\/wp\/v2\/media?parent=668"}],"curies":[{"name":"wp","href":"https:\/\/api.w.org\/{rel}","templated":true}]}}