{"id":693,"date":"2023-12-10T20:55:10","date_gmt":"2023-12-10T23:55:10","guid":{"rendered":"https:\/\/contas.cnt.br\/mcasp\/?page_id=693"},"modified":"2025-05-27T10:50:00","modified_gmt":"2025-05-27T13:50:00","slug":"plano-de-contas-aplicado-ao-setor-publico-pcasp","status":"publish","type":"page","link":"https:\/\/contas.cnt.br\/mcasp\/manual-de-contabilidade-aplicada-ao-setor-publico\/plano-de-contas-aplicado-ao-setor-publico-pcasp\/","title":{"rendered":"Plano de Contas Aplicado ao Setor P\u00fablico (PCASP)"},"content":{"rendered":"\n<p><b>1. Introdu\u00e7\u00e3o<\/b><\/p>\n\n\n\n<p>A contabilidade aplicada ao setor p\u00fablico (CASP) foi estruturada, no Brasil, com foco no registro dos atos e fatos relativos ao controle da execu\u00e7\u00e3o or\u00e7ament\u00e1ria e financeira.&nbsp;<\/p>\n\n\n\n<p>No entanto, a evolu\u00e7\u00e3o da ci\u00eancia cont\u00e1bil, marcada pela edi\u00e7\u00e3o das <em>International Public Sector Accounting Standards (IPSAS)<\/em> pelo <em>International Public Sector Accounting Standards Board (IPSASB)<\/em> e das Normas Brasileiras de Contabilidade T\u00e9cnicas Aplicadas ao Setor P\u00fablico (NBC TSP) pelo Conselho Federal de Contabilidade (CFC), impulsionaram relevantes mudan\u00e7as na CASP.<\/p>\n\n\n\n<p>Nesse processo, identificou-se a necessidade de institui\u00e7\u00e3o de um novo modelo de gest\u00e3o p\u00fablica, com a ado\u00e7\u00e3o de conceitos e procedimentos reconhecidos e utilizados internacionalmente, com foco na contabilidade patrimonial.&nbsp;<\/p>\n\n\n\n<p>Outro fator que impactou a CASP foi a exig\u00eancia de consolida\u00e7\u00e3o nacional das contas p\u00fablicas<sup>1<\/sup> trazida pela Lei de Responsabilidade Fiscal (LRF). Essa compet\u00eancia \u00e9 exercida pela Secretaria do Tesouro Nacional (STN), materializada por meio da publica\u00e7\u00e3o do Balan\u00e7o do Setor P\u00fablico Nacional (BSPN).&nbsp;<\/p>\n\n\n\n<p>Dessa forma, a necessidade de evidenciar com qualidade os fen\u00f4menos patrimoniais e a busca por um tratamento cont\u00e1bil padronizado dos atos e fatos administrativos no \u00e2mbito do setor p\u00fablico tornou imprescind\u00edvel a elabora\u00e7\u00e3o de um plano de contas com abrang\u00eancia nacional, cuja metodologia, estrutura, regras, conceitos e funcionalidades permitissem a obten\u00e7\u00e3o de dados que atendessem aos diversos usu\u00e1rios da informa\u00e7\u00e3o cont\u00e1bil.&nbsp;<\/p>\n\n\n\n<p>Visando a atender a essas necessidades, a STN editou o Plano de Contas Aplicado ao Setor P\u00fablico (PCASP). Nesta Parte do Manual ser\u00e3o apresentados a estrutura do PCASP, baseada na natureza da informa\u00e7\u00e3o cont\u00e1bil; o mecanismo de consolida\u00e7\u00e3o das contas nacionais em cada ente da Federa\u00e7\u00e3o; o uso dos atributos da conta cont\u00e1bil, que permitem o cumprimento de determina\u00e7\u00f5es legais; as principais regras de integridade do PCASP, dentre outras informa\u00e7\u00f5es.<\/p>\n\n\n\n<p>*<sub>1 Lei Complementar 101\/2000, art.50, \u00a7 2\u00ba.<\/sub><\/p>\n\n\n\n<hr class=\"wp-block-separator has-alpha-channel-opacity\"\/>\n\n\n\n<h5 class=\"wp-block-heading\">&gt;&gt;&gt; Cap\u00edtulos<\/h5>\n\n\n\n<blockquote class=\"wp-block-quote is-layout-flow wp-block-quote-is-layout-flow\">\n<ol class=\"wp-block-list\">\n<li>Introdu\u00e7\u00e3o<\/li>\n\n\n\n<li><a href=\"https:\/\/contas.cnt.br\/mcasp\/2-aspectos-gerais-do-pcasp\/\">Aspectos Gerais do PCASP<\/a><\/li>\n\n\n\n<li><a href=\"https:\/\/contas.cnt.br\/mcasp\/3-estrutura-do-pcasp\/\">Estrutura do PCASP<\/a>\n<ul class=\"wp-block-list\">\n<li>3.1. <a href=\"https:\/\/contas.cnt.br\/mcasp\/3-estrutura-do-pcasp\/\">Natureza da Informa\u00e7\u00e3o Cont\u00e1bil<\/a><\/li>\n\n\n\n<li>3.2. <a href=\"https:\/\/contas.cnt.br\/mcasp\/3-2-codigo-da-conta-contabil\/\">C\u00f3digo da Conta Cont\u00e1bil<\/a><\/li>\n\n\n\n<li>3.3. <a href=\"https:\/\/contas.cnt.br\/mcasp\/3-3-atributos-da-conta-contabil\/\">Atributos da Conta Cont\u00e1bil<\/a><\/li>\n\n\n\n<li>3.4. <a href=\"https:\/\/contas.cnt.br\/mcasp\/3-4-credito-empenhado-em-liquidacao\/\">Cr\u00e9dito Empenhado em Liquida\u00e7\u00e3o<\/a><\/li>\n\n\n\n<li>3.5. <a href=\"https:\/\/contas.cnt.br\/mcasp\/3-5-regras-de-integridade-do-pcasp\/\">Regras de Integridade do PCASP<\/a><\/li>\n<\/ul>\n<\/li>\n<\/ol>\n<\/blockquote>\n\n\n\n<h5 class=\"wp-block-heading\">&gt;&gt; PARTES<\/h5>\n\n\n\n<blockquote class=\"wp-block-quote is-layout-flow wp-block-quote-is-layout-flow\">\n<p><a href=\"https:\/\/contas.cnt.br\/mcasp\/manual-de-contabilidade-aplicada-ao-setor-publico\/parte-geral\/\">Parte Geral<\/a><\/p>\n\n\n\n<p><a href=\"https:\/\/contas.cnt.br\/mcasp\/manual-de-contabilidade-aplicada-ao-setor-publico\/procedimentos-contabeis-orcamentarios\/\">Parte I \u2013 Procedimentos Cont\u00e1beis Or\u00e7ament\u00e1rios<\/a><\/p>\n\n\n\n<p><a href=\"https:\/\/contas.cnt.br\/mcasp\/procedimentos-contabeis-patrimoniais\/\">Parte II \u2013 Procedimentos Cont\u00e1beis Patrimoniais<\/a><\/p>\n\n\n\n<p><a href=\"https:\/\/contas.cnt.br\/mcasp\/manual-de-contabilidade-aplicada-ao-setor-publico\/procedimentos-contabeis-especificos\/\">Parte III \u2013 Procedimentos Cont\u00e1beis Espec\u00edficos<\/a><\/p>\n\n\n\n<p>Parte IV \u2013 Plano de Contas Aplicado ao Setor P\u00fablico \u2013 PCASP<\/p>\n\n\n\n<p><a href=\"https:\/\/contas.cnt.br\/mcasp\/manual-de-contabilidade-aplicada-ao-setor-publico\/demonstracoes-contabeis-aplicadas-ao-setor-publico-dcasp\/\">Parte V \u2013 Demonstra\u00e7\u00f5es Cont\u00e1beis Aplicadas ao Setor P\u00fablico \u2013 DCASP<\/a><\/p>\n<\/blockquote>\n\n\n\n<h5 class=\"wp-block-heading\">&gt;&nbsp;<a href=\"https:\/\/contas.cnt.br\/mcasp\/manual-de-contabilidade-aplicada-ao-setor-publico\/sumario\/\">SUM\u00c1RIO<\/a><\/h5>\n","protected":false},"excerpt":{"rendered":"<p>1. Introdu\u00e7\u00e3o A contabilidade aplicada ao setor p\u00fablico (CASP) foi estruturada, no Brasil, com foco no registro dos atos e fatos relativos ao controle da execu\u00e7\u00e3o or\u00e7ament\u00e1ria e financeira.&nbsp; No entanto, a evolu\u00e7\u00e3o da ci\u00eancia cont\u00e1bil, marcada pela edi\u00e7\u00e3o das International Public Sector Accounting Standards (IPSAS) pelo International Public Sector Accounting Standards Board (IPSASB) e [&hellip;]<\/p>\n","protected":false},"author":1,"featured_media":1667,"parent":2,"menu_order":0,"comment_status":"closed","ping_status":"closed","template":"","meta":{"jetpack_post_was_ever_published":false,"footnotes":""},"class_list":["post-693","page","type-page","status-publish","has-post-thumbnail","hentry"],"yoast_head":"<!-- This site is optimized with the Yoast SEO plugin v27.3 - https:\/\/yoast.com\/product\/yoast-seo-wordpress\/ -->\n<title>Plano de Contas Aplicado ao Setor P\u00fablico (PCASP)<\/title>\n<meta name=\"description\" content=\"Plano de Contas Aplicado ao Setor P\u00fablico (PCASP) - Manual de Contabilidade Aplicada ao Setor P\u00fablico (MCASP). Curso Contabilidade P\u00fablica.\" \/>\n<meta name=\"robots\" content=\"index, follow, max-snippet:-1, max-image-preview:large, max-video-preview:-1\" \/>\n<link rel=\"canonical\" href=\"https:\/\/contas.cnt.br\/mcasp\/manual-de-contabilidade-aplicada-ao-setor-publico\/plano-de-contas-aplicado-ao-setor-publico-pcasp\/\" \/>\n<meta property=\"og:locale\" content=\"pt_BR\" \/>\n<meta property=\"og:type\" content=\"article\" \/>\n<meta property=\"og:title\" content=\"Plano de Contas Aplicado ao Setor P\u00fablico (PCASP)\" \/>\n<meta property=\"og:description\" content=\"Plano de Contas Aplicado ao Setor P\u00fablico (PCASP) - Manual de Contabilidade Aplicada ao Setor P\u00fablico (MCASP). Curso Contabilidade P\u00fablica.\" \/>\n<meta property=\"og:url\" content=\"https:\/\/contas.cnt.br\/mcasp\/manual-de-contabilidade-aplicada-ao-setor-publico\/plano-de-contas-aplicado-ao-setor-publico-pcasp\/\" \/>\n<meta property=\"article:modified_time\" content=\"2025-05-27T13:50:00+00:00\" \/>\n<meta property=\"og:image\" content=\"https:\/\/contas.cnt.br\/mcasp\/wp-content\/uploads\/2024\/07\/6.-MCASP_Online_PCASP.png\" \/>\n\t<meta property=\"og:image:width\" content=\"1600\" \/>\n\t<meta property=\"og:image:height\" content=\"280\" \/>\n\t<meta property=\"og:image:type\" content=\"image\/png\" \/>\n<meta name=\"twitter:card\" content=\"summary_large_image\" \/>\n<meta name=\"twitter:label1\" content=\"Est. tempo de leitura\" \/>\n\t<meta name=\"twitter:data1\" content=\"2 minutos\" \/>\n<script type=\"application\/ld+json\" class=\"yoast-schema-graph\">{\"@context\":\"https:\\\/\\\/schema.org\",\"@graph\":[{\"@type\":\"WebPage\",\"@id\":\"https:\\\/\\\/contas.cnt.br\\\/mcasp\\\/manual-de-contabilidade-aplicada-ao-setor-publico\\\/plano-de-contas-aplicado-ao-setor-publico-pcasp\\\/\",\"url\":\"https:\\\/\\\/contas.cnt.br\\\/mcasp\\\/manual-de-contabilidade-aplicada-ao-setor-publico\\\/plano-de-contas-aplicado-ao-setor-publico-pcasp\\\/\",\"name\":\"Plano de Contas Aplicado ao Setor P\u00fablico (PCASP)\",\"isPartOf\":{\"@id\":\"https:\\\/\\\/contas.cnt.br\\\/mcasp\\\/#website\"},\"primaryImageOfPage\":{\"@id\":\"https:\\\/\\\/contas.cnt.br\\\/mcasp\\\/manual-de-contabilidade-aplicada-ao-setor-publico\\\/plano-de-contas-aplicado-ao-setor-publico-pcasp\\\/#primaryimage\"},\"image\":{\"@id\":\"https:\\\/\\\/contas.cnt.br\\\/mcasp\\\/manual-de-contabilidade-aplicada-ao-setor-publico\\\/plano-de-contas-aplicado-ao-setor-publico-pcasp\\\/#primaryimage\"},\"thumbnailUrl\":\"https:\\\/\\\/contas.cnt.br\\\/mcasp\\\/wp-content\\\/uploads\\\/2024\\\/07\\\/6.-MCASP_Online_PCASP.png\",\"datePublished\":\"2023-12-10T23:55:10+00:00\",\"dateModified\":\"2025-05-27T13:50:00+00:00\",\"description\":\"Plano de Contas Aplicado ao Setor P\u00fablico (PCASP) - Manual de Contabilidade Aplicada ao Setor P\u00fablico (MCASP). Curso Contabilidade P\u00fablica.\",\"breadcrumb\":{\"@id\":\"https:\\\/\\\/contas.cnt.br\\\/mcasp\\\/manual-de-contabilidade-aplicada-ao-setor-publico\\\/plano-de-contas-aplicado-ao-setor-publico-pcasp\\\/#breadcrumb\"},\"inLanguage\":\"pt-BR\",\"potentialAction\":[{\"@type\":\"ReadAction\",\"target\":[\"https:\\\/\\\/contas.cnt.br\\\/mcasp\\\/manual-de-contabilidade-aplicada-ao-setor-publico\\\/plano-de-contas-aplicado-ao-setor-publico-pcasp\\\/\"]}]},{\"@type\":\"ImageObject\",\"inLanguage\":\"pt-BR\",\"@id\":\"https:\\\/\\\/contas.cnt.br\\\/mcasp\\\/manual-de-contabilidade-aplicada-ao-setor-publico\\\/plano-de-contas-aplicado-ao-setor-publico-pcasp\\\/#primaryimage\",\"url\":\"https:\\\/\\\/contas.cnt.br\\\/mcasp\\\/wp-content\\\/uploads\\\/2024\\\/07\\\/6.-MCASP_Online_PCASP.png\",\"contentUrl\":\"https:\\\/\\\/contas.cnt.br\\\/mcasp\\\/wp-content\\\/uploads\\\/2024\\\/07\\\/6.-MCASP_Online_PCASP.png\",\"width\":1600,\"height\":280},{\"@type\":\"BreadcrumbList\",\"@id\":\"https:\\\/\\\/contas.cnt.br\\\/mcasp\\\/manual-de-contabilidade-aplicada-ao-setor-publico\\\/plano-de-contas-aplicado-ao-setor-publico-pcasp\\\/#breadcrumb\",\"itemListElement\":[{\"@type\":\"ListItem\",\"position\":1,\"name\":\"Home\",\"item\":\"https:\\\/\\\/contas.cnt.br\\\/mcasp\\\/\"},{\"@type\":\"ListItem\",\"position\":2,\"name\":\"Manual de Contabilidade Aplicada ao Setor P\u00fablico\",\"item\":\"https:\\\/\\\/contas.cnt.br\\\/mcasp\\\/\"},{\"@type\":\"ListItem\",\"position\":3,\"name\":\"Plano de Contas Aplicado ao Setor P\u00fablico (PCASP)\"}]},{\"@type\":\"WebSite\",\"@id\":\"https:\\\/\\\/contas.cnt.br\\\/mcasp\\\/#website\",\"url\":\"https:\\\/\\\/contas.cnt.br\\\/mcasp\\\/\",\"name\":\"\",\"description\":\"MCASP Online\",\"potentialAction\":[{\"@type\":\"SearchAction\",\"target\":{\"@type\":\"EntryPoint\",\"urlTemplate\":\"https:\\\/\\\/contas.cnt.br\\\/mcasp\\\/?s={search_term_string}\"},\"query-input\":{\"@type\":\"PropertyValueSpecification\",\"valueRequired\":true,\"valueName\":\"search_term_string\"}}],\"inLanguage\":\"pt-BR\"}]}<\/script>\n<!-- \/ Yoast SEO plugin. -->","yoast_head_json":{"title":"Plano de Contas Aplicado ao Setor P\u00fablico (PCASP)","description":"Plano de Contas Aplicado ao Setor P\u00fablico (PCASP) - Manual de Contabilidade Aplicada ao Setor P\u00fablico (MCASP). Curso Contabilidade P\u00fablica.","robots":{"index":"index","follow":"follow","max-snippet":"max-snippet:-1","max-image-preview":"max-image-preview:large","max-video-preview":"max-video-preview:-1"},"canonical":"https:\/\/contas.cnt.br\/mcasp\/manual-de-contabilidade-aplicada-ao-setor-publico\/plano-de-contas-aplicado-ao-setor-publico-pcasp\/","og_locale":"pt_BR","og_type":"article","og_title":"Plano de Contas Aplicado ao Setor P\u00fablico (PCASP)","og_description":"Plano de Contas Aplicado ao Setor P\u00fablico (PCASP) - Manual de Contabilidade Aplicada ao Setor P\u00fablico (MCASP). Curso Contabilidade P\u00fablica.","og_url":"https:\/\/contas.cnt.br\/mcasp\/manual-de-contabilidade-aplicada-ao-setor-publico\/plano-de-contas-aplicado-ao-setor-publico-pcasp\/","article_modified_time":"2025-05-27T13:50:00+00:00","og_image":[{"width":1600,"height":280,"url":"https:\/\/contas.cnt.br\/mcasp\/wp-content\/uploads\/2024\/07\/6.-MCASP_Online_PCASP.png","type":"image\/png"}],"twitter_card":"summary_large_image","twitter_misc":{"Est. tempo de leitura":"2 minutos"},"schema":{"@context":"https:\/\/schema.org","@graph":[{"@type":"WebPage","@id":"https:\/\/contas.cnt.br\/mcasp\/manual-de-contabilidade-aplicada-ao-setor-publico\/plano-de-contas-aplicado-ao-setor-publico-pcasp\/","url":"https:\/\/contas.cnt.br\/mcasp\/manual-de-contabilidade-aplicada-ao-setor-publico\/plano-de-contas-aplicado-ao-setor-publico-pcasp\/","name":"Plano de Contas Aplicado ao Setor P\u00fablico (PCASP)","isPartOf":{"@id":"https:\/\/contas.cnt.br\/mcasp\/#website"},"primaryImageOfPage":{"@id":"https:\/\/contas.cnt.br\/mcasp\/manual-de-contabilidade-aplicada-ao-setor-publico\/plano-de-contas-aplicado-ao-setor-publico-pcasp\/#primaryimage"},"image":{"@id":"https:\/\/contas.cnt.br\/mcasp\/manual-de-contabilidade-aplicada-ao-setor-publico\/plano-de-contas-aplicado-ao-setor-publico-pcasp\/#primaryimage"},"thumbnailUrl":"https:\/\/contas.cnt.br\/mcasp\/wp-content\/uploads\/2024\/07\/6.-MCASP_Online_PCASP.png","datePublished":"2023-12-10T23:55:10+00:00","dateModified":"2025-05-27T13:50:00+00:00","description":"Plano de Contas Aplicado ao Setor P\u00fablico (PCASP) - Manual de Contabilidade Aplicada ao Setor P\u00fablico (MCASP). Curso Contabilidade P\u00fablica.","breadcrumb":{"@id":"https:\/\/contas.cnt.br\/mcasp\/manual-de-contabilidade-aplicada-ao-setor-publico\/plano-de-contas-aplicado-ao-setor-publico-pcasp\/#breadcrumb"},"inLanguage":"pt-BR","potentialAction":[{"@type":"ReadAction","target":["https:\/\/contas.cnt.br\/mcasp\/manual-de-contabilidade-aplicada-ao-setor-publico\/plano-de-contas-aplicado-ao-setor-publico-pcasp\/"]}]},{"@type":"ImageObject","inLanguage":"pt-BR","@id":"https:\/\/contas.cnt.br\/mcasp\/manual-de-contabilidade-aplicada-ao-setor-publico\/plano-de-contas-aplicado-ao-setor-publico-pcasp\/#primaryimage","url":"https:\/\/contas.cnt.br\/mcasp\/wp-content\/uploads\/2024\/07\/6.-MCASP_Online_PCASP.png","contentUrl":"https:\/\/contas.cnt.br\/mcasp\/wp-content\/uploads\/2024\/07\/6.-MCASP_Online_PCASP.png","width":1600,"height":280},{"@type":"BreadcrumbList","@id":"https:\/\/contas.cnt.br\/mcasp\/manual-de-contabilidade-aplicada-ao-setor-publico\/plano-de-contas-aplicado-ao-setor-publico-pcasp\/#breadcrumb","itemListElement":[{"@type":"ListItem","position":1,"name":"Home","item":"https:\/\/contas.cnt.br\/mcasp\/"},{"@type":"ListItem","position":2,"name":"Manual de Contabilidade Aplicada ao Setor P\u00fablico","item":"https:\/\/contas.cnt.br\/mcasp\/"},{"@type":"ListItem","position":3,"name":"Plano de Contas Aplicado ao Setor P\u00fablico (PCASP)"}]},{"@type":"WebSite","@id":"https:\/\/contas.cnt.br\/mcasp\/#website","url":"https:\/\/contas.cnt.br\/mcasp\/","name":"","description":"MCASP Online","potentialAction":[{"@type":"SearchAction","target":{"@type":"EntryPoint","urlTemplate":"https:\/\/contas.cnt.br\/mcasp\/?s={search_term_string}"},"query-input":{"@type":"PropertyValueSpecification","valueRequired":true,"valueName":"search_term_string"}}],"inLanguage":"pt-BR"}]}},"jetpack_sharing_enabled":true,"_links":{"self":[{"href":"https:\/\/contas.cnt.br\/mcasp\/wp-json\/wp\/v2\/pages\/693","targetHints":{"allow":["GET"]}}],"collection":[{"href":"https:\/\/contas.cnt.br\/mcasp\/wp-json\/wp\/v2\/pages"}],"about":[{"href":"https:\/\/contas.cnt.br\/mcasp\/wp-json\/wp\/v2\/types\/page"}],"author":[{"embeddable":true,"href":"https:\/\/contas.cnt.br\/mcasp\/wp-json\/wp\/v2\/users\/1"}],"replies":[{"embeddable":true,"href":"https:\/\/contas.cnt.br\/mcasp\/wp-json\/wp\/v2\/comments?post=693"}],"version-history":[{"count":51,"href":"https:\/\/contas.cnt.br\/mcasp\/wp-json\/wp\/v2\/pages\/693\/revisions"}],"predecessor-version":[{"id":1953,"href":"https:\/\/contas.cnt.br\/mcasp\/wp-json\/wp\/v2\/pages\/693\/revisions\/1953"}],"up":[{"embeddable":true,"href":"https:\/\/contas.cnt.br\/mcasp\/wp-json\/wp\/v2\/pages\/2"}],"wp:featuredmedia":[{"embeddable":true,"href":"https:\/\/contas.cnt.br\/mcasp\/wp-json\/wp\/v2\/media\/1667"}],"wp:attachment":[{"href":"https:\/\/contas.cnt.br\/mcasp\/wp-json\/wp\/v2\/media?parent=693"}],"curies":[{"name":"wp","href":"https:\/\/api.w.org\/{rel}","templated":true}]}}