{"id":729,"date":"2023-12-10T21:32:53","date_gmt":"2023-12-11T00:32:53","guid":{"rendered":"https:\/\/contas.cnt.br\/mcasp\/?page_id=729"},"modified":"2024-11-28T21:56:16","modified_gmt":"2024-11-29T00:56:16","slug":"demonstracoes-contabeis-aplicadas-ao-setor-publico-dcasp","status":"publish","type":"page","link":"https:\/\/contas.cnt.br\/mcasp\/manual-de-contabilidade-aplicada-ao-setor-publico\/demonstracoes-contabeis-aplicadas-ao-setor-publico-dcasp\/","title":{"rendered":"Demonstra\u00e7\u00f5es Cont\u00e1beis Aplicadas ao Setor P\u00fablico (DCASP)"},"content":{"rendered":"\n<h5 class=\"wp-block-heading\">1. INTRODU\u00c7\u00c3O<\/h5>\n\n\n\n<p>A Parte V \u2013 Demonstra\u00e7\u00f5es Cont\u00e1beis Aplicadas ao Setor P\u00fablico (DCASP) do Manual de Contabilidade Aplicada ao Setor P\u00fablico (MCASP) tem como objetivo padronizar a estrutura e as defini\u00e7\u00f5es dos elementos que comp\u00f5em as DCASP. Tais padr\u00f5es devem ser observados pela Uni\u00e3o, estados, Distrito Federal e munic\u00edpios, permitindo a evidencia\u00e7\u00e3o, a an\u00e1lise e a consolida\u00e7\u00e3o das contas p\u00fablicas em \u00e2mbito nacional, em conson\u00e2ncia com o Plano de Contas Aplicado ao Setor P\u00fablico (PCASP). <\/p>\n\n\n\n<p>A Parte V do MCASP foi elaborada com base na NBC TSP 11 \u2013 Apresenta\u00e7\u00e3o das Demonstra\u00e7\u00f5es Cont\u00e1beis, NBC TSP 12 \u2013 Demonstra\u00e7\u00e3o dos Fluxos de Caixa, NBC TSP 13 \u2013 Apresenta\u00e7\u00e3o de Informa\u00e7\u00e3o Or\u00e7ament\u00e1ria nas Demonstra\u00e7\u00f5es Cont\u00e1beis, al\u00e9m da legisla\u00e7\u00e3o aplic\u00e1vel, destacando-se a Lei n\u00ba 4.320\/1964 e a Lei Complementar n\u00ba 101\/2000. <\/p>\n\n\n\n<p>A Lei n\u00ba 4.320\/19641 disp\u00f5e sobre as demonstra\u00e7\u00f5es cont\u00e1beis em seus artigos 101 a 106 e apresenta a estrutura para tais demonstrativos em seus anexos. Conforme o art. 113 da Lei, dentre outras atribui\u00e7\u00f5es, compete ao Conselho T\u00e9cnico de Economia e Finan\u00e7as a atualiza\u00e7\u00e3o de tais anexos. <\/p>\n\n\n\n<p>Com a extin\u00e7\u00e3o deste Conselho, tais fun\u00e7\u00f5es s\u00e3o exercidas, na atualidade, pela Secretaria do Tesouro Nacional (STN), devido a sua compet\u00eancia estabelecida pela Lei Complementar n\u00ba 101\/2000 (LRF) de consolida\u00e7\u00e3o das contas p\u00fablicas, nacionais e por esfera de governo, bem como a compet\u00eancia estabelecida pela Lei n\u00ba 10.180\/2001 de \u00f3rg\u00e3o central do Sistema de Contabilidade e de Administra\u00e7\u00e3o Financeira Federal. <\/p>\n\n\n\n<p>Al\u00e9m da legisla\u00e7\u00e3o citada, o tema \u00e9 abordado na NBC TSP 11 \u2013 Apresenta\u00e7\u00e3o das Demonstra\u00e7\u00f5es Cont\u00e1beis. A citada norma tem como objetivo estabelecer como as demonstra\u00e7\u00f5es cont\u00e1beis devem ser apresentadas, para assegurar a comparabilidade tanto com as demonstra\u00e7\u00f5es cont\u00e1beis de per\u00edodos anteriores da mesma entidade quanto com as de outras entidades. <\/p>\n\n\n\n<p>Para alcan\u00e7ar esse objetivo, estabelece requisitos gerais para a apresenta\u00e7\u00e3o das demonstra\u00e7\u00f5es cont\u00e1beis, diretrizes para a sua estrutura e os requisitos m\u00ednimos para o seu conte\u00fado. <\/p>\n\n\n\n<p>O item 21 da NBC TSP 11\u00b2 prev\u00ea quais as demonstra\u00e7\u00f5es que comp\u00f5em o conjunto completo de demonstra\u00e7\u00f5es cont\u00e1beis e esclarece que tais demonstra\u00e7\u00f5es podem ter outras nomenclaturas definidas conforme normas espec\u00edficas ou de acordo com a legisla\u00e7\u00e3o aplic\u00e1vel, desde que evidenciem as informa\u00e7\u00f5es conforme seus dispositivos e das demais NBC TSP. <\/p>\n\n\n\n<p>\u00c9 o caso, por exemplo, da Demonstra\u00e7\u00e3o do Resultado e da Demonstra\u00e7\u00e3o de Informa\u00e7\u00f5es Or\u00e7ament\u00e1rias, as quais, em decorr\u00eancia da legisla\u00e7\u00e3o brasileira s\u00e3o denominadas Demonstra\u00e7\u00e3o das Varia\u00e7\u00f5es Patrimoniais e Balan\u00e7o Or\u00e7ament\u00e1rio, respectivamente. Cumpre destacar ainda que a NBC TSP n\u00e3o prev\u00ea o Balan\u00e7o Financeiro, por\u00e9m sua elabora\u00e7\u00e3o e publica\u00e7\u00e3o \u00e9 obrigat\u00f3ria por for\u00e7a do art. 101 da Lei n\u00ba 4.320\/1964, sendo tamb\u00e9m objeto deste Manual. <\/p>\n\n\n\n<p>Assim, conjugando as disposi\u00e7\u00f5es legais e aquelas contidas na NBC TSP 11, comp\u00f5em o conjunto de Demonstra\u00e7\u00f5es Cont\u00e1beis Aplicadas ao Setor P\u00fablico (DCASP):<\/p>\n\n\n\n<blockquote class=\"wp-block-quote is-layout-flow wp-block-quote-is-layout-flow\">\n<ol class=\"wp-block-list\">\n<li>Balan\u00e7o Patrimonial;<\/li>\n\n\n\n<li>Demonstra\u00e7\u00e3o das Varia\u00e7\u00f5es Patrimoniais;<\/li>\n\n\n\n<li>Demonstra\u00e7\u00e3o das Muta\u00e7\u00f5es do Patrim\u00f4nio L\u00edquido;<\/li>\n\n\n\n<li>Demonstra\u00e7\u00e3o dos Fluxos de Caixa;<\/li>\n\n\n\n<li>Balan\u00e7o Or\u00e7ament\u00e1rio;<\/li>\n\n\n\n<li>Balan\u00e7o Financeiro;<\/li>\n\n\n\n<li>Notas explicativas, compreendendo a descri\u00e7\u00e3o sucinta das principais pol\u00edticas cont\u00e1beis e outras informa\u00e7\u00f5es elucidativas; e<\/li>\n\n\n\n<li>Informa\u00e7\u00e3o comparativa com o per\u00edodo anterior.<\/li>\n<\/ol>\n<\/blockquote>\n\n\n\n<p>Ressalta-se que as estruturas das demonstra\u00e7\u00f5es cont\u00e1beis contidas nos anexos da Lei n\u00ba 4.320\/1964 foram atualizadas pela Portaria STN n\u00ba 438\/2012, em conson\u00e2ncia com os novos padr\u00f5es da Contabilidade Aplicada ao Setor P\u00fablico (CASP). Em fun\u00e7\u00e3o da atualiza\u00e7\u00e3o dos anexos da Lei, somente os demonstrativos enumerados no par\u00e1grafo anterior ser\u00e3o exigidos para fins de apresenta\u00e7\u00e3o das demonstra\u00e7\u00f5es cont\u00e1beis nos termos deste Manual. <\/p>\n\n\n\n<p>As entidades s\u00e3o incentivadas a apresentar informa\u00e7\u00f5es adicionais para auxiliar os usu\u00e1rios na avalia\u00e7\u00e3o do desempenho e na administra\u00e7\u00e3o dos seus bens, bem como auxili\u00e1-los a tomar e avaliar decis\u00f5es sobre a aloca\u00e7\u00e3o de recursos. Essa informa\u00e7\u00e3o adicional pode incluir detalhes sobre os produtos e os resultados da entidade na forma de (a) indicadores de desempenho, (b) demonstrativos de desempenho dos servi\u00e7os prestados, (c) revis\u00f5es de programas e (d) outros relat\u00f3rios de gest\u00e3o sobre o cumprimento dos objetivos da entidade durante o per\u00edodo divulgado. <\/p>\n\n\n\n<p>As entidades s\u00e3o incentivadas tamb\u00e9m a divulgar informa\u00e7\u00e3o sobre a conformidade com as leis e outras normas. O reconhecimento da inconformidade pode ser relevante para fins de presta\u00e7\u00e3o de contas e responsabiliza\u00e7\u00e3o (accountability) e pode afetar a avalia\u00e7\u00e3o do usu\u00e1rio sobre o desempenho e o direcionamento das opera\u00e7\u00f5es futuras da entidade. Pode tamb\u00e9m influenciar as decis\u00f5es sobre os recursos a serem alocados na entidade no futuro.<\/p>\n\n\n\n<hr class=\"wp-block-separator has-alpha-channel-opacity\"\/>\n\n\n\n<h5 class=\"wp-block-heading\">&gt;&gt;&gt; CAP\u00cdTULOS<\/h5>\n\n\n\n<blockquote class=\"wp-block-quote is-layout-flow wp-block-quote-is-layout-flow\">\n<p>1. Introdu\u00e7\u00e3o<\/p>\n\n\n\n<p>2. Balan\u00e7o Or\u00e7ament\u00e1rio<\/p>\n\n\n\n<p>3. <a href=\"https:\/\/contas.cnt.br\/mcasp\/3-balanco-patrimonial\/\">Balan\u00e7o Financeiro<\/a><\/p>\n\n\n\n<p>4. Balan\u00e7o Patrimonial<\/p>\n\n\n\n<p>5. Demonstra\u00e7\u00e3o das Varia\u00e7\u00f5es Patrimoniais<\/p>\n\n\n\n<p>6. Demonstra\u00e7\u00e3o dos Fluxos de Caixa<\/p>\n\n\n\n<p>7. Demonstra\u00e7\u00e3o das Muta\u00e7\u00f5es no Patrim\u00f4nio L\u00edquido<\/p>\n\n\n\n<p>8. Notas Explicativas \u00e0s DCASP<\/p>\n\n\n\n<p>9. Divulga\u00e7\u00e3o de Participa\u00e7\u00f5es em Acordos em Conjunto e em Coligadas<\/p>\n\n\n\n<p>10. Divulga\u00e7\u00e3o sobre Partes Relacionadas<\/p>\n\n\n\n<p>11. Consolida\u00e7\u00e3o das Demonstra\u00e7\u00f5es Cont\u00e1beis<\/p>\n<\/blockquote>\n\n\n\n<h5 class=\"wp-block-heading\">&gt;&gt; PARTES<\/h5>\n\n\n\n<blockquote class=\"wp-block-quote is-layout-flow wp-block-quote-is-layout-flow\">\n<p><a href=\"https:\/\/contas.cnt.br\/mcasp\/manual-de-contabilidade-aplicada-ao-setor-publico\/parte-geral\/\">Parte Geral<\/a><\/p>\n\n\n\n<p><a href=\"https:\/\/contas.cnt.br\/mcasp\/manual-de-contabilidade-aplicada-ao-setor-publico\/procedimentos-contabeis-orcamentarios\/\">Parte I \u2013 Procedimentos Cont\u00e1beis Or\u00e7ament\u00e1rios<\/a><\/p>\n\n\n\n<p><a href=\"https:\/\/contas.cnt.br\/mcasp\/procedimentos-contabeis-patrimoniais\/\">Parte II \u2013 Procedimentos Cont\u00e1beis Patrimoniais<\/a><\/p>\n\n\n\n<p><a href=\"https:\/\/contas.cnt.br\/mcasp\/manual-de-contabilidade-aplicada-ao-setor-publico\/procedimentos-contabeis-especificos\/\">Parte III \u2013 Procedimentos Cont\u00e1beis Espec\u00edficos<\/a><\/p>\n\n\n\n<p><a href=\"https:\/\/contas.cnt.br\/mcasp\/manual-de-contabilidade-aplicada-ao-setor-publico\/plano-de-contas-aplicado-ao-setor-publico-pcasp\/\">Parte IV \u2013 Plano de Contas Aplicado ao Setor P\u00fablico \u2013 PCASP<\/a><\/p>\n\n\n\n<p>Parte V \u2013 Demonstra\u00e7\u00f5es Cont\u00e1beis Aplicadas ao Setor P\u00fablico \u2013 DCASP<\/p>\n<\/blockquote>\n\n\n\n<h5 class=\"wp-block-heading\">&gt;&nbsp;<a href=\"https:\/\/contas.cnt.br\/mcasp\/manual-de-contabilidade-aplicada-ao-setor-publico\/sumario\/\">SUM\u00c1RIO<\/a><\/h5>\n","protected":false},"excerpt":{"rendered":"<p>1. INTRODU\u00c7\u00c3O A Parte V \u2013 Demonstra\u00e7\u00f5es Cont\u00e1beis Aplicadas ao Setor P\u00fablico (DCASP) do Manual de Contabilidade Aplicada ao Setor P\u00fablico (MCASP) tem como objetivo padronizar a estrutura e as defini\u00e7\u00f5es dos elementos que comp\u00f5em as DCASP. Tais padr\u00f5es devem ser observados pela Uni\u00e3o, estados, Distrito Federal e munic\u00edpios, permitindo a evidencia\u00e7\u00e3o, a an\u00e1lise e [&hellip;]<\/p>\n","protected":false},"author":1,"featured_media":1485,"parent":2,"menu_order":0,"comment_status":"closed","ping_status":"closed","template":"","meta":{"jetpack_post_was_ever_published":false,"footnotes":""},"class_list":["post-729","page","type-page","status-publish","has-post-thumbnail","hentry"],"yoast_head":"<!-- This site is optimized with the Yoast SEO plugin v27.3 - https:\/\/yoast.com\/product\/yoast-seo-wordpress\/ -->\n<title>Demonstra\u00e7\u00f5es Cont\u00e1beis Aplicadas ao Setor P\u00fablico (DCASP)<\/title>\n<meta name=\"description\" content=\"Demonstra\u00e7\u00f5es Cont\u00e1beis Aplicadas ao Setor P\u00fablico (DCASP) - Manual de Contabilidade Aplicada ao Setor P\u00fablica (MCASP). Contabilidade P\u00fablica\" \/>\n<meta name=\"robots\" content=\"index, follow, max-snippet:-1, max-image-preview:large, max-video-preview:-1\" \/>\n<link rel=\"canonical\" href=\"https:\/\/contas.cnt.br\/mcasp\/manual-de-contabilidade-aplicada-ao-setor-publico\/demonstracoes-contabeis-aplicadas-ao-setor-publico-dcasp\/\" \/>\n<meta property=\"og:locale\" content=\"pt_BR\" \/>\n<meta property=\"og:type\" content=\"article\" \/>\n<meta property=\"og:title\" content=\"Demonstra\u00e7\u00f5es Cont\u00e1beis Aplicadas ao Setor P\u00fablico (DCASP)\" \/>\n<meta property=\"og:description\" content=\"Demonstra\u00e7\u00f5es Cont\u00e1beis Aplicadas ao Setor P\u00fablico (DCASP) - Manual de Contabilidade Aplicada ao Setor P\u00fablica (MCASP). Contabilidade P\u00fablica\" \/>\n<meta property=\"og:url\" content=\"https:\/\/contas.cnt.br\/mcasp\/manual-de-contabilidade-aplicada-ao-setor-publico\/demonstracoes-contabeis-aplicadas-ao-setor-publico-dcasp\/\" \/>\n<meta property=\"article:modified_time\" content=\"2024-11-29T00:56:16+00:00\" \/>\n<meta property=\"og:image\" content=\"https:\/\/contas.cnt.br\/mcasp\/wp-content\/uploads\/2024\/07\/7.-MCASP_Online_DCASP.png\" \/>\n\t<meta property=\"og:image:width\" content=\"1600\" \/>\n\t<meta property=\"og:image:height\" content=\"280\" \/>\n\t<meta property=\"og:image:type\" content=\"image\/png\" \/>\n<meta name=\"twitter:card\" content=\"summary_large_image\" \/>\n<meta name=\"twitter:label1\" content=\"Est. tempo de leitura\" \/>\n\t<meta name=\"twitter:data1\" content=\"4 minutos\" \/>\n<script type=\"application\/ld+json\" class=\"yoast-schema-graph\">{\"@context\":\"https:\\\/\\\/schema.org\",\"@graph\":[{\"@type\":\"WebPage\",\"@id\":\"https:\\\/\\\/contas.cnt.br\\\/mcasp\\\/manual-de-contabilidade-aplicada-ao-setor-publico\\\/demonstracoes-contabeis-aplicadas-ao-setor-publico-dcasp\\\/\",\"url\":\"https:\\\/\\\/contas.cnt.br\\\/mcasp\\\/manual-de-contabilidade-aplicada-ao-setor-publico\\\/demonstracoes-contabeis-aplicadas-ao-setor-publico-dcasp\\\/\",\"name\":\"Demonstra\u00e7\u00f5es Cont\u00e1beis Aplicadas ao Setor P\u00fablico (DCASP)\",\"isPartOf\":{\"@id\":\"https:\\\/\\\/contas.cnt.br\\\/mcasp\\\/#website\"},\"primaryImageOfPage\":{\"@id\":\"https:\\\/\\\/contas.cnt.br\\\/mcasp\\\/manual-de-contabilidade-aplicada-ao-setor-publico\\\/demonstracoes-contabeis-aplicadas-ao-setor-publico-dcasp\\\/#primaryimage\"},\"image\":{\"@id\":\"https:\\\/\\\/contas.cnt.br\\\/mcasp\\\/manual-de-contabilidade-aplicada-ao-setor-publico\\\/demonstracoes-contabeis-aplicadas-ao-setor-publico-dcasp\\\/#primaryimage\"},\"thumbnailUrl\":\"https:\\\/\\\/contas.cnt.br\\\/mcasp\\\/wp-content\\\/uploads\\\/2024\\\/07\\\/7.-MCASP_Online_DCASP.png\",\"datePublished\":\"2023-12-11T00:32:53+00:00\",\"dateModified\":\"2024-11-29T00:56:16+00:00\",\"description\":\"Demonstra\u00e7\u00f5es Cont\u00e1beis Aplicadas ao Setor P\u00fablico (DCASP) - Manual de Contabilidade Aplicada ao Setor P\u00fablica (MCASP). Contabilidade P\u00fablica\",\"breadcrumb\":{\"@id\":\"https:\\\/\\\/contas.cnt.br\\\/mcasp\\\/manual-de-contabilidade-aplicada-ao-setor-publico\\\/demonstracoes-contabeis-aplicadas-ao-setor-publico-dcasp\\\/#breadcrumb\"},\"inLanguage\":\"pt-BR\",\"potentialAction\":[{\"@type\":\"ReadAction\",\"target\":[\"https:\\\/\\\/contas.cnt.br\\\/mcasp\\\/manual-de-contabilidade-aplicada-ao-setor-publico\\\/demonstracoes-contabeis-aplicadas-ao-setor-publico-dcasp\\\/\"]}]},{\"@type\":\"ImageObject\",\"inLanguage\":\"pt-BR\",\"@id\":\"https:\\\/\\\/contas.cnt.br\\\/mcasp\\\/manual-de-contabilidade-aplicada-ao-setor-publico\\\/demonstracoes-contabeis-aplicadas-ao-setor-publico-dcasp\\\/#primaryimage\",\"url\":\"https:\\\/\\\/contas.cnt.br\\\/mcasp\\\/wp-content\\\/uploads\\\/2024\\\/07\\\/7.-MCASP_Online_DCASP.png\",\"contentUrl\":\"https:\\\/\\\/contas.cnt.br\\\/mcasp\\\/wp-content\\\/uploads\\\/2024\\\/07\\\/7.-MCASP_Online_DCASP.png\",\"width\":1600,\"height\":280,\"caption\":\"MCASP_Online\"},{\"@type\":\"BreadcrumbList\",\"@id\":\"https:\\\/\\\/contas.cnt.br\\\/mcasp\\\/manual-de-contabilidade-aplicada-ao-setor-publico\\\/demonstracoes-contabeis-aplicadas-ao-setor-publico-dcasp\\\/#breadcrumb\",\"itemListElement\":[{\"@type\":\"ListItem\",\"position\":1,\"name\":\"Home\",\"item\":\"https:\\\/\\\/contas.cnt.br\\\/mcasp\\\/\"},{\"@type\":\"ListItem\",\"position\":2,\"name\":\"Manual de Contabilidade Aplicada ao Setor P\u00fablico\",\"item\":\"https:\\\/\\\/contas.cnt.br\\\/mcasp\\\/\"},{\"@type\":\"ListItem\",\"position\":3,\"name\":\"Demonstra\u00e7\u00f5es Cont\u00e1beis Aplicadas ao Setor P\u00fablico (DCASP)\"}]},{\"@type\":\"WebSite\",\"@id\":\"https:\\\/\\\/contas.cnt.br\\\/mcasp\\\/#website\",\"url\":\"https:\\\/\\\/contas.cnt.br\\\/mcasp\\\/\",\"name\":\"\",\"description\":\"MCASP Online\",\"potentialAction\":[{\"@type\":\"SearchAction\",\"target\":{\"@type\":\"EntryPoint\",\"urlTemplate\":\"https:\\\/\\\/contas.cnt.br\\\/mcasp\\\/?s={search_term_string}\"},\"query-input\":{\"@type\":\"PropertyValueSpecification\",\"valueRequired\":true,\"valueName\":\"search_term_string\"}}],\"inLanguage\":\"pt-BR\"}]}<\/script>\n<!-- \/ Yoast SEO plugin. -->","yoast_head_json":{"title":"Demonstra\u00e7\u00f5es Cont\u00e1beis Aplicadas ao Setor P\u00fablico (DCASP)","description":"Demonstra\u00e7\u00f5es Cont\u00e1beis Aplicadas ao Setor P\u00fablico (DCASP) - Manual de Contabilidade Aplicada ao Setor P\u00fablica (MCASP). Contabilidade P\u00fablica","robots":{"index":"index","follow":"follow","max-snippet":"max-snippet:-1","max-image-preview":"max-image-preview:large","max-video-preview":"max-video-preview:-1"},"canonical":"https:\/\/contas.cnt.br\/mcasp\/manual-de-contabilidade-aplicada-ao-setor-publico\/demonstracoes-contabeis-aplicadas-ao-setor-publico-dcasp\/","og_locale":"pt_BR","og_type":"article","og_title":"Demonstra\u00e7\u00f5es Cont\u00e1beis Aplicadas ao Setor P\u00fablico (DCASP)","og_description":"Demonstra\u00e7\u00f5es Cont\u00e1beis Aplicadas ao Setor P\u00fablico (DCASP) - Manual de Contabilidade Aplicada ao Setor P\u00fablica (MCASP). Contabilidade P\u00fablica","og_url":"https:\/\/contas.cnt.br\/mcasp\/manual-de-contabilidade-aplicada-ao-setor-publico\/demonstracoes-contabeis-aplicadas-ao-setor-publico-dcasp\/","article_modified_time":"2024-11-29T00:56:16+00:00","og_image":[{"width":1600,"height":280,"url":"https:\/\/contas.cnt.br\/mcasp\/wp-content\/uploads\/2024\/07\/7.-MCASP_Online_DCASP.png","type":"image\/png"}],"twitter_card":"summary_large_image","twitter_misc":{"Est. tempo de leitura":"4 minutos"},"schema":{"@context":"https:\/\/schema.org","@graph":[{"@type":"WebPage","@id":"https:\/\/contas.cnt.br\/mcasp\/manual-de-contabilidade-aplicada-ao-setor-publico\/demonstracoes-contabeis-aplicadas-ao-setor-publico-dcasp\/","url":"https:\/\/contas.cnt.br\/mcasp\/manual-de-contabilidade-aplicada-ao-setor-publico\/demonstracoes-contabeis-aplicadas-ao-setor-publico-dcasp\/","name":"Demonstra\u00e7\u00f5es Cont\u00e1beis Aplicadas ao Setor P\u00fablico (DCASP)","isPartOf":{"@id":"https:\/\/contas.cnt.br\/mcasp\/#website"},"primaryImageOfPage":{"@id":"https:\/\/contas.cnt.br\/mcasp\/manual-de-contabilidade-aplicada-ao-setor-publico\/demonstracoes-contabeis-aplicadas-ao-setor-publico-dcasp\/#primaryimage"},"image":{"@id":"https:\/\/contas.cnt.br\/mcasp\/manual-de-contabilidade-aplicada-ao-setor-publico\/demonstracoes-contabeis-aplicadas-ao-setor-publico-dcasp\/#primaryimage"},"thumbnailUrl":"https:\/\/contas.cnt.br\/mcasp\/wp-content\/uploads\/2024\/07\/7.-MCASP_Online_DCASP.png","datePublished":"2023-12-11T00:32:53+00:00","dateModified":"2024-11-29T00:56:16+00:00","description":"Demonstra\u00e7\u00f5es Cont\u00e1beis Aplicadas ao Setor P\u00fablico (DCASP) - Manual de Contabilidade Aplicada ao Setor P\u00fablica (MCASP). Contabilidade P\u00fablica","breadcrumb":{"@id":"https:\/\/contas.cnt.br\/mcasp\/manual-de-contabilidade-aplicada-ao-setor-publico\/demonstracoes-contabeis-aplicadas-ao-setor-publico-dcasp\/#breadcrumb"},"inLanguage":"pt-BR","potentialAction":[{"@type":"ReadAction","target":["https:\/\/contas.cnt.br\/mcasp\/manual-de-contabilidade-aplicada-ao-setor-publico\/demonstracoes-contabeis-aplicadas-ao-setor-publico-dcasp\/"]}]},{"@type":"ImageObject","inLanguage":"pt-BR","@id":"https:\/\/contas.cnt.br\/mcasp\/manual-de-contabilidade-aplicada-ao-setor-publico\/demonstracoes-contabeis-aplicadas-ao-setor-publico-dcasp\/#primaryimage","url":"https:\/\/contas.cnt.br\/mcasp\/wp-content\/uploads\/2024\/07\/7.-MCASP_Online_DCASP.png","contentUrl":"https:\/\/contas.cnt.br\/mcasp\/wp-content\/uploads\/2024\/07\/7.-MCASP_Online_DCASP.png","width":1600,"height":280,"caption":"MCASP_Online"},{"@type":"BreadcrumbList","@id":"https:\/\/contas.cnt.br\/mcasp\/manual-de-contabilidade-aplicada-ao-setor-publico\/demonstracoes-contabeis-aplicadas-ao-setor-publico-dcasp\/#breadcrumb","itemListElement":[{"@type":"ListItem","position":1,"name":"Home","item":"https:\/\/contas.cnt.br\/mcasp\/"},{"@type":"ListItem","position":2,"name":"Manual de Contabilidade Aplicada ao Setor P\u00fablico","item":"https:\/\/contas.cnt.br\/mcasp\/"},{"@type":"ListItem","position":3,"name":"Demonstra\u00e7\u00f5es Cont\u00e1beis Aplicadas ao Setor P\u00fablico (DCASP)"}]},{"@type":"WebSite","@id":"https:\/\/contas.cnt.br\/mcasp\/#website","url":"https:\/\/contas.cnt.br\/mcasp\/","name":"","description":"MCASP Online","potentialAction":[{"@type":"SearchAction","target":{"@type":"EntryPoint","urlTemplate":"https:\/\/contas.cnt.br\/mcasp\/?s={search_term_string}"},"query-input":{"@type":"PropertyValueSpecification","valueRequired":true,"valueName":"search_term_string"}}],"inLanguage":"pt-BR"}]}},"jetpack_sharing_enabled":true,"_links":{"self":[{"href":"https:\/\/contas.cnt.br\/mcasp\/wp-json\/wp\/v2\/pages\/729","targetHints":{"allow":["GET"]}}],"collection":[{"href":"https:\/\/contas.cnt.br\/mcasp\/wp-json\/wp\/v2\/pages"}],"about":[{"href":"https:\/\/contas.cnt.br\/mcasp\/wp-json\/wp\/v2\/types\/page"}],"author":[{"embeddable":true,"href":"https:\/\/contas.cnt.br\/mcasp\/wp-json\/wp\/v2\/users\/1"}],"replies":[{"embeddable":true,"href":"https:\/\/contas.cnt.br\/mcasp\/wp-json\/wp\/v2\/comments?post=729"}],"version-history":[{"count":34,"href":"https:\/\/contas.cnt.br\/mcasp\/wp-json\/wp\/v2\/pages\/729\/revisions"}],"predecessor-version":[{"id":1867,"href":"https:\/\/contas.cnt.br\/mcasp\/wp-json\/wp\/v2\/pages\/729\/revisions\/1867"}],"up":[{"embeddable":true,"href":"https:\/\/contas.cnt.br\/mcasp\/wp-json\/wp\/v2\/pages\/2"}],"wp:featuredmedia":[{"embeddable":true,"href":"https:\/\/contas.cnt.br\/mcasp\/wp-json\/wp\/v2\/media\/1485"}],"wp:attachment":[{"href":"https:\/\/contas.cnt.br\/mcasp\/wp-json\/wp\/v2\/media?parent=729"}],"curies":[{"name":"wp","href":"https:\/\/api.w.org\/{rel}","templated":true}]}}